{"id":4484,"date":"2023-02-01T17:51:48","date_gmt":"2023-02-01T17:51:48","guid":{"rendered":"https:\/\/microsol-int.com\/?page_id=4484"},"modified":"2023-02-01T18:02:01","modified_gmt":"2023-02-01T18:02:01","slug":"politicas-de-privacidad","status":"publish","type":"page","link":"https:\/\/microsol-int.com\/fr\/les-politiques-de-confidentialite\/","title":{"rendered":"Politiques de confidentialit\u00e9"},"content":{"rendered":"<div data-elementor-type=\"wp-page\" data-elementor-id=\"4484\" class=\"elementor elementor-4484\" data-elementor-post-type=\"page\">\n\t\t\t\t\t\t<section data-dce-background-image-url=\"https:\/\/microsol-int.com\/wp-content\/uploads\/2023\/01\/nuestroequipo-hero-bg.png\" class=\"elementor-section elementor-top-section elementor-element elementor-element-a59eef2 rey-section-stretched elementor-section-height-min-height rey-section-bg--classic elementor-section-boxed elementor-section-height-default elementor-section-items-middle\" data-id=\"a59eef2\" data-element_type=\"section\" data-settings=\"{&quot;background_background&quot;:&quot;classic&quot;,&quot;jet_parallax_layout_list&quot;:[],&quot;ekit_has_onepagescroll_dot&quot;:&quot;yes&quot;}\">\n\t\t\t\t\t\t<div class=\"elementor-container elementor-column-gap-default\">\n\t\t\t\t\t<div class=\"elementor-column elementor-col-100 elementor-top-column elementor-element elementor-element-2b52544\" data-id=\"2b52544\" data-element_type=\"column\">\n\t\t\t<div class=\"elementor-column-wrap--2b52544 elementor-widget-wrap elementor-element-populated\">\n\t\t\t\t\t\t<div class=\"elementor-element elementor-element-2be513d elementor-widget__width-auto elementor-widget elementor-widget-heading\" data-id=\"2be513d\" data-element_type=\"widget\" data-settings=\"{&quot;ekit_we_effect_on&quot;:&quot;none&quot;}\" data-widget_type=\"heading.default\">\n\t\t\t\t<div class=\"elementor-widget-container\">\n\t\t\t\t\t<h2 class=\"elementor-heading-title elementor-size-default\">Politiques de confidentialit\u00e9<\/h2>\t\t\t\t<\/div>\n\t\t\t\t<\/div>\n\t\t\t\t\t<\/div>\n\t\t<\/div>\n\t\t\t\t\t<\/div>\n\t\t<\/section>\n\t\t\t\t<section class=\"elementor-section elementor-top-section elementor-element elementor-element-647a764 elementor-section-boxed elementor-section-height-default elementor-section-height-default\" data-id=\"647a764\" data-element_type=\"section\" data-settings=\"{&quot;jet_parallax_layout_list&quot;:[],&quot;ekit_has_onepagescroll_dot&quot;:&quot;yes&quot;}\">\n\t\t\t\t\t\t<div class=\"elementor-container elementor-column-gap-default\">\n\t\t\t\t\t<div class=\"elementor-column elementor-col-100 elementor-top-column elementor-element elementor-element-df8d98a\" data-id=\"df8d98a\" data-element_type=\"column\">\n\t\t\t<div class=\"elementor-column-wrap--df8d98a elementor-widget-wrap elementor-element-populated\">\n\t\t\t\t\t\t<div class=\"elementor-element elementor-element-54791c2 elementor-widget__width-initial elementor-widget elementor-widget-text-editor\" data-id=\"54791c2\" data-element_type=\"widget\" data-settings=\"{&quot;ekit_we_effect_on&quot;:&quot;none&quot;}\" data-widget_type=\"text-editor.default\">\n\t\t\t\t<div class=\"elementor-widget-container\">\n\t\t\t\t\t\t\t\t\t<p>Lorem ipsum dolor sit amet, consectetur adipiscing elit. Sic enim censent, opportunitatis esse beat vivere. Quod non faceret, si in voluptate summum bonum poneret. Qui enim? Huius, Lyco, oratione locuples, rebus ipsis ielunior.<\/p><p>Quippe : habes enim a rhetoribus ; Sed tamen intellego quid velit.<\/p><p>Disserendi artem nullam habitude. Si quicquam extra vertum habatur in bonis. Beatus sibi videtur esse moriens. Fortemne possumus dicere eundem illum Torquatum\u00a0? Vide, quantum, inquam, fallare, Torquate. Ut pouls r\u00e9current? Idemne, quod iucunde\u00a0?<\/p><p>Prioris generis est docilitas, m\u00e9moire ; Quis est tam dissimile homini. Zenonis est, inquam, hoc Stoici. Collatio igitur ista te nihil iuvat.<\/p><p>Quae similado in genere etiam humano apparet. Aliter autem vobis placet. Quo mode autem philosophus loquitur ? An hoc usque quaque, aliter in vita ? Je te verrai, inqui\u00e8te-toi; Occultum facinus esse potuerit, gaudebit; Intim\u00e9 extreme primis, media utrisque, omnia omnibus. Si longus, l\u00e9vis\u00a0;<\/p><p>Non est ista, inquam, Piso, magna dissensio. \u00c0 eum nihili facit\u00a0; Comprehensum, quod cognitum non habet ? Atqui reperies, inquit, in hoc quidem pertinacem; Aliud igitur esse censet gaudere, aliud non dolere. Profectus in exilium Tubulus statim nec respondere ausus\u00a0; Cui Tubuli nomen odio non est?<\/p><p>Equidem, sed audistine modo de Carneade\u00a0? Quo modo autem optimum, si bonum praeterea nullum est ? R\u00e9glementer \u00e0 nouveau\u00a0; Ratio quidem vestra sic cogit. Et toi? Ut optime, secundum naturam affectum esse possit.<\/p><p>Dicimus aliquem hilare vivere; Haec quo modo pratique, intelego non sain d&#039;esprit. Et nemo nimium beatus est; Suo genere perveniant ad extremum\u00a0; Cur iustitia laudatur? Sed facista esse non inportuna\u00a0; Quid iudidicant sensus ? Nihilo beatiorem esse Metellum quam Regulum.<\/p><p>Itaque hic ipse iam pridem est reiectus\u00a0; Occultum facinus esse potuerit, gaudebit; Sed tamen intellego quid velit. Facilimum id quidem est, inquam. Que Manilium, ab iisque M. Quodsi ipsam honestatem undique pertectam atque absolutam. Teneo, inquit, finem illi videri nihil dolere.<\/p><p>Quel est le chemin ? Polycratem Samium felicem appellabant. Videmus igitur ut conquiescere ne infantes quidem possint. Tenent mord. Hic nihil fuit, quod quaereremus.<\/p><p>Nos commodius agimus. Ut aliquid scire se gaudeant\u00a0? Au certificat de gravit\u00e9. Soyez quot homines, tous sententiae;<\/p><p>Qui a accept\u00e9 ? Et quidem, inquit, vehementer errat\u00a0; Quo modo autem optimum, si bonum praeterea nullum est ? Graece donan, vocant latin voluptatem. Invidiosum nomen est, inf\u00e2me, suspect. Mihi quidem Antiochum, quem audis, satis belle videris attendere.<\/p><p>Cur iustitia laudatur? Illi enim inter se dissident. Moriatur, curieux. Tollenda est atque extrahenda radicitus. Nunc haec primum fortasse audientis servire debemus. Qu&#039;est-ce qu&#039;ista amicitia est\u00a0?<\/p><p>Sed quid sentiat, non videtis. Simus igitur contenti his. Negare non possum. Vide, quantum, inquam, fallare, Torquate.<\/p><p>Claudii libidini, qui tum erat summo ne imperio, dederetur. Duarum enim vitarum nobis erunt instituta capienda. Quod cum dixissent, ille contra. Sic enim censent, opportunitatis esse beat vivere. Je suis id ipsum absurdum, maximum malum neglegi. Quis non odit sordide, vain, l\u00e9ger, futile ?<\/p><p>Audeo dicere, enqu\u00eate. Quaerimus enim finem bonorum. Satis est une r\u00e9ponse ad hoc. Nihilo beatiorem esse Metellum quam Regulum. Quare attende, quaeso. Aliter enim explicari, quod quaeritur, non potest.<\/p><p>Dicimus aliquem hilare vivere; Quae contraria sunt his, malane? Tum Piso\u00a0: Quoniam igitur aliquid omnes, quid Lucius noster\u00a0? Ergo ita\u00a0: non posse honeste vivi, nisi honeste vivatur\u00a0? Quis hoc dit ? Et nemo nimium beatus est; Sed haec quidem liberius ab eo dicuntur et saepius. Quis hoc dit ?<\/p><p>Chez multis malis affectus. Duo Reges : constructio interrete. Certe, nisi voluptatem tanti aestimaretis. Primum quid tu dicis breve? Itaque his sapiens sempre vacabit. Tum mihi Floor\u00a0: Quid ergo\u00a0? Pr\u00e9clare hoc quidem.<\/p><p>Remise urgente tamen et nihil. Nullus est igitur cuiusquam dies natalis. Inde igitur, inquit, ordiendum est. Dans l&#039;\u00e9cole desinis.<\/p><p>\u00c2ge, enqu\u00eates, ista parva sunt. Verum hoc idem saepe faciamus. Quid autem habent admirationis, cum prope accesseris\u00a0? Certe non potest. Apparet statim, quae sint officia, quae actions.<\/p><p>Ut aliquid scire se gaudeant\u00a0? Quid ergo attinet glorious loqui, nisi constanter loquare\u00a0? Animum autem reliquis rebus ita perfect, ut corpus; Nulla erit controverse.<\/p><p>Frater et T. Sed potestne rerum maior esse dissensio? Eadem nunc mea adversum te oratio est. Vestri haec verecundius, illi fortasse constantius.<\/p><p>Prodest, inquit, mihi eo esse animo. Hunc vos beatum\u00a0; Quid de Plato aut de Democrito loquar? Quae cum essent dicta, discessimus. Et quod est munus, quod opus sapientiae ?<\/p><p>Traditur, inquit, ab Epicurus ratio neglegendi doloris. Dans l&#039;\u00e9cole desinis. Videsne quam sit magna dissensio? Non laboro, inquit, de nomine. Sed quod proximum fuit non vidit. Haeret \u00e0 Salebra.<\/p><p>Duo enim g\u00e9n\u00e8re quae erant, fecit tria. Cui Tubuli nomen odio non est? Quid ergo hoc loco intellegit honestum ? Quid enim de amicitia statueris utilitatis causa expetenda vides.<\/p><p>Tanta vis admonitionis inest in locis\u00a0; Quarum ambarum rerum cum medicinam pollicetur, luxuriae licentiam pollicetur.<\/p><p>Contemnit enim disserendi elegantiam, confondre loquitur. Praeclarae mortes sunt imperatoriae; R\u00e9glementer \u00e0 nouveau\u00a0; Non laboro, inquit, de nomine.<\/p><p>Quid igitur, inquit, eos responsuros putas\u00a0? Cur id non ita fit? Scrupulum, inquam, abeunti\u00a0; Obsecro, inquit, Torquate, haec dicit Epicure ?<\/p><p>Nihil opus est exemplis hoc facere longius. Somme Istic, enqu\u00eate. Minime vero, inquit ille, consentit. Haec quo modo pratique, intelego non sain d&#039;esprit. Nihil enim hoc differt. Videsne quam sit magna dissensio?<\/p><p>Sint ista Graecorum; Illa videamus, quae a te de amicitia dicta sunt. Num quid conte D\u00e9mocrite\u00a0? Je m&#039;attends \u00e0 ce quid ad id, quod quaerebam, vous r\u00e9pondiez.<\/p><p>\u00a0<\/p>\t\t\t\t\t\t\t\t<\/div>\n\t\t\t\t<\/div>\n\t\t\t\t\t<\/div>\n\t\t<\/div>\n\t\t\t\t\t<\/div>\n\t\t<\/section>\n\t\t\t\t<\/div>","protected":false},"excerpt":{"rendered":"<p>Lorem ipsum dolor sit amet, consectetur adipiscing elit. Sic enim censent, opportunitatis esse beat vivere. Quod non faceret, si in voluptate summum bonum poneret. Qui enim? Huius, Lyco, oratione locuples, rebus ipsis ielunior. Quippe : habes enim a rhetoribus ; Sed tamen intellego quid velit. Disserendi artem nullam habitude. Si quicquam extra habaturm vertum in bonis. B\u00e9atus [\u2026]<\/p>","protected":false},"author":1,"featured_media":0,"parent":0,"menu_order":0,"comment_status":"closed","ping_status":"closed","template":"","meta":{"_acf_changed":false,"footnotes":""},"class_list":["post-4484","page","type-page","status-publish","hentry"],"acf":[],"yoast_head":"<!-- This site is optimized with the Yoast SEO Premium plugin v23.5 (Yoast SEO v26.4) - https:\/\/yoast.com\/wordpress\/plugins\/seo\/ -->\n<title>Pol\u00edticas de privacidad | Microsol<\/title>\n<meta name=\"robots\" content=\"index, follow, max-snippet:-1, max-image-preview:large, max-video-preview:-1\" \/>\n<link rel=\"canonical\" href=\"https:\/\/microsol-int.com\/fr\/les-politiques-de-confidentialite\/\" \/>\n<meta property=\"og:locale\" content=\"fr_FR\" \/>\n<meta property=\"og:type\" content=\"article\" \/>\n<meta property=\"og:title\" content=\"Pol\u00edticas de privacidad\" \/>\n<meta property=\"og:description\" content=\"Lorem ipsum dolor sit amet, consectetur adipiscing elit. Sic enim censent, oportunitatis esse beate vivere. Quod non faceret, si in voluptate summum bonum poneret. Quid enim? Huius, Lyco, oratione locuples, rebus ipsis ielunior. Quippe: habes enim a rhetoribus; Sed tamen intellego quid velit. Disserendi artem nullam habuit. Si quicquam extra virtutem habeatur in bonis. Beatus [&hellip;]\" \/>\n<meta property=\"og:url\" content=\"https:\/\/microsol-int.com\/fr\/les-politiques-de-confidentialite\/\" \/>\n<meta property=\"og:site_name\" content=\"Microsol\" \/>\n<meta property=\"article:publisher\" content=\"https:\/\/www.facebook.com\/MICROSOLint\" \/>\n<meta property=\"article:modified_time\" content=\"2023-02-01T18:02:01+00:00\" \/>\n<meta property=\"og:image\" content=\"https:\/\/microsol-int.com\/wp-content\/uploads\/2023\/07\/microsol-rs.jpg\" \/>\n\t<meta property=\"og:image:width\" content=\"1200\" \/>\n\t<meta property=\"og:image:height\" content=\"675\" \/>\n\t<meta property=\"og:image:type\" content=\"image\/jpeg\" \/>\n<meta name=\"twitter:card\" content=\"summary_large_image\" \/>\n<meta name=\"twitter:site\" content=\"@MicrosolPeru\" \/>\n<meta name=\"twitter:label1\" content=\"Dur\u00e9e de lecture estim\u00e9e\" \/>\n\t<meta name=\"twitter:data1\" content=\"4 minutes\" \/>\n<script type=\"application\/ld+json\" class=\"yoast-schema-graph\">{\"@context\":\"https:\/\/schema.org\",\"@graph\":[{\"@type\":\"WebPage\",\"@id\":\"https:\/\/microsol-int.com\/politicas-de-privacidad\/\",\"url\":\"https:\/\/microsol-int.com\/politicas-de-privacidad\/\",\"name\":\"Pol\u00edticas de privacidad | Microsol\",\"isPartOf\":{\"@id\":\"https:\/\/microsol-int.com\/#website\"},\"datePublished\":\"2023-02-01T17:51:48+00:00\",\"dateModified\":\"2023-02-01T18:02:01+00:00\",\"breadcrumb\":{\"@id\":\"https:\/\/microsol-int.com\/politicas-de-privacidad\/#breadcrumb\"},\"inLanguage\":\"fr-FR\",\"potentialAction\":[{\"@type\":\"ReadAction\",\"target\":[\"https:\/\/microsol-int.com\/politicas-de-privacidad\/\"]}]},{\"@type\":\"BreadcrumbList\",\"@id\":\"https:\/\/microsol-int.com\/politicas-de-privacidad\/#breadcrumb\",\"itemListElement\":[{\"@type\":\"ListItem\",\"position\":1,\"name\":\"Portada\",\"item\":\"https:\/\/microsol-int.com\/\"},{\"@type\":\"ListItem\",\"position\":2,\"name\":\"Pol\u00edticas de privacidad\"}]},{\"@type\":\"WebSite\",\"@id\":\"https:\/\/microsol-int.com\/#website\",\"url\":\"https:\/\/microsol-int.com\/\",\"name\":\"Microsol\",\"description\":\"Una fuente de energ\u00eda sostenible para familias que lo necesitan\",\"publisher\":{\"@id\":\"https:\/\/microsol-int.com\/#organization\"},\"potentialAction\":[{\"@type\":\"SearchAction\",\"target\":{\"@type\":\"EntryPoint\",\"urlTemplate\":\"https:\/\/microsol-int.com\/?s={search_term_string}\"},\"query-input\":{\"@type\":\"PropertyValueSpecification\",\"valueRequired\":true,\"valueName\":\"search_term_string\"}}],\"inLanguage\":\"fr-FR\"},{\"@type\":\"Organization\",\"@id\":\"https:\/\/microsol-int.com\/#organization\",\"name\":\"Microsol\",\"url\":\"https:\/\/microsol-int.com\/\",\"logo\":{\"@type\":\"ImageObject\",\"inLanguage\":\"fr-FR\",\"@id\":\"https:\/\/microsol-int.com\/#\/schema\/logo\/image\/\",\"url\":\"https:\/\/microsol-int.com\/wp-content\/uploads\/2022\/12\/logo.svg\",\"contentUrl\":\"https:\/\/microsol-int.com\/wp-content\/uploads\/2022\/12\/logo.svg\",\"width\":186,\"height\":85,\"caption\":\"Microsol\"},\"image\":{\"@id\":\"https:\/\/microsol-int.com\/#\/schema\/logo\/image\/\"},\"sameAs\":[\"https:\/\/www.facebook.com\/MICROSOLint\",\"https:\/\/x.com\/MicrosolPeru\",\"https:\/\/www.linkedin.com\/company\/microsol\",\"https:\/\/www.youtube.com\/user\/MICROSOLint\/\"]}]}<\/script>\n<!-- \/ Yoast SEO Premium plugin. -->","yoast_head_json":{"title":"Politique de confidentialit\u00e9 | microsol","robots":{"index":"index","follow":"follow","max-snippet":"max-snippet:-1","max-image-preview":"max-image-preview:large","max-video-preview":"max-video-preview:-1"},"canonical":"https:\/\/microsol-int.com\/fr\/les-politiques-de-confidentialite\/","og_locale":"fr_FR","og_type":"article","og_title":"Pol\u00edticas de privacidad","og_description":"Lorem ipsum dolor sit amet, consectetur adipiscing elit. Sic enim censent, oportunitatis esse beate vivere. Quod non faceret, si in voluptate summum bonum poneret. Quid enim? Huius, Lyco, oratione locuples, rebus ipsis ielunior. Quippe: habes enim a rhetoribus; Sed tamen intellego quid velit. Disserendi artem nullam habuit. Si quicquam extra virtutem habeatur in bonis. Beatus [&hellip;]","og_url":"https:\/\/microsol-int.com\/fr\/les-politiques-de-confidentialite\/","og_site_name":"Microsol","article_publisher":"https:\/\/www.facebook.com\/MICROSOLint","article_modified_time":"2023-02-01T18:02:01+00:00","og_image":[{"width":1200,"height":675,"url":"https:\/\/microsol-int.com\/wp-content\/uploads\/2023\/07\/microsol-rs.jpg","type":"image\/jpeg"}],"twitter_card":"summary_large_image","twitter_site":"@MicrosolPeru","twitter_misc":{"Dur\u00e9e de lecture estim\u00e9e":"4 minutes"},"schema":{"@context":"https:\/\/schema.org","@graph":[{"@type":"WebPage","@id":"https:\/\/microsol-int.com\/politicas-de-privacidad\/","url":"https:\/\/microsol-int.com\/politicas-de-privacidad\/","name":"Politique de confidentialit\u00e9 | microsol","isPartOf":{"@id":"https:\/\/microsol-int.com\/#website"},"datePublished":"2023-02-01T17:51:48+00:00","dateModified":"2023-02-01T18:02:01+00:00","breadcrumb":{"@id":"https:\/\/microsol-int.com\/politicas-de-privacidad\/#breadcrumb"},"inLanguage":"fr-FR","potentialAction":[{"@type":"ReadAction","target":["https:\/\/microsol-int.com\/politicas-de-privacidad\/"]}]},{"@type":"BreadcrumbList","@id":"https:\/\/microsol-int.com\/politicas-de-privacidad\/#breadcrumb","itemListElement":[{"@type":"ListItem","position":1,"name":"Portada","item":"https:\/\/microsol-int.com\/"},{"@type":"ListItem","position":2,"name":"Pol\u00edticas de privacidad"}]},{"@type":"WebSite","@id":"https:\/\/microsol-int.com\/#website","url":"https:\/\/microsol-int.com\/","name":"Microsol","description":"Une source d&#039;\u00e9nergie durable pour les familles dans le besoin","publisher":{"@id":"https:\/\/microsol-int.com\/#organization"},"potentialAction":[{"@type":"SearchAction","target":{"@type":"EntryPoint","urlTemplate":"https:\/\/microsol-int.com\/?s={search_term_string}"},"query-input":{"@type":"PropertyValueSpecification","valueRequired":true,"valueName":"search_term_string"}}],"inLanguage":"fr-FR"},{"@type":"Organization","@id":"https:\/\/microsol-int.com\/#organization","name":"Microsol","url":"https:\/\/microsol-int.com\/","logo":{"@type":"ImageObject","inLanguage":"fr-FR","@id":"https:\/\/microsol-int.com\/#\/schema\/logo\/image\/","url":"https:\/\/microsol-int.com\/wp-content\/uploads\/2022\/12\/logo.svg","contentUrl":"https:\/\/microsol-int.com\/wp-content\/uploads\/2022\/12\/logo.svg","width":186,"height":85,"caption":"Microsol"},"image":{"@id":"https:\/\/microsol-int.com\/#\/schema\/logo\/image\/"},"sameAs":["https:\/\/www.facebook.com\/MICROSOLint","https:\/\/x.com\/MicrosolPeru","https:\/\/www.linkedin.com\/company\/microsol","https:\/\/www.youtube.com\/user\/MICROSOLint\/"]}]}},"_links":{"self":[{"href":"https:\/\/microsol-int.com\/fr\/wp-json\/wp\/v2\/pages\/4484","targetHints":{"allow":["GET"]}}],"collection":[{"href":"https:\/\/microsol-int.com\/fr\/wp-json\/wp\/v2\/pages"}],"about":[{"href":"https:\/\/microsol-int.com\/fr\/wp-json\/wp\/v2\/types\/page"}],"author":[{"embeddable":true,"href":"https:\/\/microsol-int.com\/fr\/wp-json\/wp\/v2\/users\/1"}],"replies":[{"embeddable":true,"href":"https:\/\/microsol-int.com\/fr\/wp-json\/wp\/v2\/comments?post=4484"}],"version-history":[{"count":0,"href":"https:\/\/microsol-int.com\/fr\/wp-json\/wp\/v2\/pages\/4484\/revisions"}],"wp:attachment":[{"href":"https:\/\/microsol-int.com\/fr\/wp-json\/wp\/v2\/media?parent=4484"}],"curies":[{"name":"wp","href":"https:\/\/api.w.org\/{rel}","templated":true}]}}