{"id":1922,"date":"2023-01-18T21:21:43","date_gmt":"2023-01-18T21:21:43","guid":{"rendered":"https:\/\/microsol-int.com\/?page_id=1922"},"modified":"2023-03-01T22:14:48","modified_gmt":"2023-03-01T22:14:48","slug":"creditos-de-carbono","status":"publish","type":"page","link":"https:\/\/microsol-int.com\/fr\/prestations-de-service\/credits-carbone\/","title":{"rendered":"cr\u00e9dits carbone"},"content":{"rendered":"<div data-elementor-type=\"wp-page\" data-elementor-id=\"1922\" class=\"elementor elementor-1922\" data-elementor-post-type=\"page\">\n\t\t\t\t\t\t<section data-dce-background-image-url=\"https:\/\/microsol-int.com\/wp-content\/uploads\/2023\/01\/creditos-carbono-hero-bg.png\" class=\"elementor-section elementor-top-section elementor-element elementor-element-b2b3115 rey-section-stretched elementor-section-height-min-height rey-section-bg--classic --zindexed-8 elementor-section-boxed elementor-section-height-default elementor-section-items-middle\" data-id=\"b2b3115\" data-element_type=\"section\" data-settings=\"{&quot;background_background&quot;:&quot;classic&quot;,&quot;jet_parallax_layout_list&quot;:[],&quot;background_motion_fx_motion_fx_mouse&quot;:&quot;yes&quot;,&quot;background_motion_fx_mouseTrack_effect&quot;:&quot;yes&quot;,&quot;background_motion_fx_mouseTrack_speed&quot;:{&quot;unit&quot;:&quot;px&quot;,&quot;size&quot;:0.1,&quot;sizes&quot;:[]},&quot;ekit_has_onepagescroll_dot&quot;:&quot;yes&quot;}\">\n\t\t\t\t\t\t<div class=\"elementor-container elementor-column-gap-default\">\n\t\t\t\t\t<div class=\"elementor-column elementor-col-100 elementor-top-column elementor-element elementor-element-6d5987b\" data-id=\"6d5987b\" data-element_type=\"column\">\n\t\t\t<div class=\"elementor-column-wrap--6d5987b elementor-widget-wrap elementor-element-populated\">\n\t\t\t\t\t\t<div class=\"elementor-element elementor-element-653b918 elementor-widget__width-auto elementor-widget elementor-widget-heading\" data-id=\"653b918\" data-element_type=\"widget\" data-settings=\"{&quot;ekit_we_effect_on&quot;:&quot;none&quot;}\" data-widget_type=\"heading.default\">\n\t\t\t\t<div class=\"elementor-widget-container\">\n\t\t\t\t\t<h2 class=\"elementor-heading-title elementor-size-default\">cr\u00e9dits carbone<\/h2>\t\t\t\t<\/div>\n\t\t\t\t<\/div>\n\t\t\t\t\t<\/div>\n\t\t<\/div>\n\t\t\t\t\t<\/div>\n\t\t<\/section>\n\t\t\t\t<section class=\"elementor-section elementor-top-section elementor-element elementor-element-7e61982 rey-section-stretched elementor-section-boxed elementor-section-height-default elementor-section-height-default\" data-id=\"7e61982\" data-element_type=\"section\" data-settings=\"{&quot;jet_parallax_layout_list&quot;:[],&quot;ekit_has_onepagescroll_dot&quot;:&quot;yes&quot;}\">\n\t\t\t\t\t\t<div class=\"elementor-container elementor-column-gap-default\">\n\t\t\t\t\t<div data-dce-background-color=\"#F9F9F9\" class=\"elementor-column elementor-col-100 elementor-top-column elementor-element elementor-element-08bd433 rey-colbg--classic\" data-id=\"08bd433\" data-element_type=\"column\" data-settings=\"{&quot;background_background&quot;:&quot;classic&quot;}\">\n\t\t\t<div class=\"elementor-column-wrap--08bd433 elementor-widget-wrap elementor-element-populated\">\n\t\t\t\t\t\t<div class=\"elementor-element elementor-element-9f62fd8 elementor-widget elementor-widget-text-editor\" data-id=\"9f62fd8\" data-element_type=\"widget\" data-settings=\"{&quot;ekit_we_effect_on&quot;:&quot;none&quot;}\" data-widget_type=\"text-editor.default\">\n\t\t\t\t<div class=\"elementor-widget-container\">\n\t\t\t\t\t\t\t\t\t<p>Si vous souhaitez plus d&#039;informations sur nos services, envoyez-nous un message.<\/p>\t\t\t\t\t\t\t\t<\/div>\n\t\t\t\t<\/div>\n\t\t\t\t<div class=\"elementor-element elementor-element-3b8b7e8 elementor-align-center elementor-widget elementor-widget-button\" data-id=\"3b8b7e8\" data-element_type=\"widget\" data-settings=\"{&quot;ekit_we_effect_on&quot;:&quot;none&quot;}\" data-widget_type=\"button.default\">\n\t\t\t\t<div class=\"elementor-widget-container\">\n\t\t\t\t\t\t\t\t\t<div class=\"elementor-button-wrapper\">\n\t\t\t\t\t<a class=\"elementor-button elementor-button-link elementor-size-sm\" href=\"#\">\n\t\t\t\t\t\t<span class=\"elementor-button-content-wrapper\">\n\t\t\t\t\t\t<span class=\"elementor-button-icon\">\n\t\t\t\t<i aria-hidden=\"true\" class=\"fas fa-chevron-right\"><\/i>\t\t\t<\/span>\n\t\t\t\t\t\t\t\t\t<span class=\"elementor-button-text\">Contactez-nous<\/span>\n\t\t\t\t\t<\/span>\n\t\t\t\t\t<\/a>\n\t\t\t\t<\/div>\n\t\t\t\t\t\t\t\t<\/div>\n\t\t\t\t<\/div>\n\t\t\t\t\t<\/div>\n\t\t<\/div>\n\t\t\t\t\t<\/div>\n\t\t<\/section>\n\t\t\t\t<\/div>","protected":false},"excerpt":{"rendered":"<p>Cr\u00e9dits carbone Si vous souhaitez plus d&#039;informations sur nos services, envoyez-nous un message. Contactez-nous<\/p>","protected":false},"author":1,"featured_media":0,"parent":319,"menu_order":0,"comment_status":"closed","ping_status":"closed","template":"","meta":{"_acf_changed":false,"footnotes":""},"class_list":["post-1922","page","type-page","status-publish","hentry"],"acf":[],"yoast_head":"<!-- This site is optimized with the Yoast SEO Premium plugin v23.5 (Yoast SEO v26.4) - https:\/\/yoast.com\/wordpress\/plugins\/seo\/ -->\n<title>Cr\u00e9ditos de carbono | Microsol<\/title>\n<meta name=\"robots\" content=\"index, follow, max-snippet:-1, max-image-preview:large, max-video-preview:-1\" \/>\n<link rel=\"canonical\" href=\"https:\/\/microsol-int.com\/fr\/prestations-de-service\/credits-carbone\/\" \/>\n<meta property=\"og:locale\" content=\"fr_FR\" \/>\n<meta property=\"og:type\" content=\"article\" \/>\n<meta property=\"og:title\" content=\"Cr\u00e9ditos de carbono\" \/>\n<meta property=\"og:description\" content=\"Cr\u00e9ditos de carbono Si deseas obtener m\u00e1s informaci\u00f3n sobre nuestros servicios, env\u00edanos un mensaje. Cont\u00e1ctanos\" \/>\n<meta property=\"og:url\" content=\"https:\/\/microsol-int.com\/fr\/prestations-de-service\/credits-carbone\/\" \/>\n<meta property=\"og:site_name\" content=\"Microsol\" \/>\n<meta property=\"article:publisher\" content=\"https:\/\/www.facebook.com\/MICROSOLint\" \/>\n<meta property=\"article:modified_time\" content=\"2023-03-01T22:14:48+00:00\" \/>\n<meta property=\"og:image\" content=\"https:\/\/microsol-int.com\/wp-content\/uploads\/2023\/07\/microsol-rs.jpg\" \/>\n\t<meta property=\"og:image:width\" content=\"1200\" \/>\n\t<meta property=\"og:image:height\" content=\"675\" \/>\n\t<meta property=\"og:image:type\" content=\"image\/jpeg\" \/>\n<meta name=\"twitter:card\" content=\"summary_large_image\" \/>\n<meta name=\"twitter:site\" content=\"@MicrosolPeru\" \/>\n<script type=\"application\/ld+json\" class=\"yoast-schema-graph\">{\"@context\":\"https:\/\/schema.org\",\"@graph\":[{\"@type\":\"WebPage\",\"@id\":\"https:\/\/microsol-int.com\/servicios\/creditos-de-carbono\/\",\"url\":\"https:\/\/microsol-int.com\/servicios\/creditos-de-carbono\/\",\"name\":\"Cr\u00e9ditos de carbono | Microsol\",\"isPartOf\":{\"@id\":\"https:\/\/microsol-int.com\/#website\"},\"datePublished\":\"2023-01-18T21:21:43+00:00\",\"dateModified\":\"2023-03-01T22:14:48+00:00\",\"breadcrumb\":{\"@id\":\"https:\/\/microsol-int.com\/servicios\/creditos-de-carbono\/#breadcrumb\"},\"inLanguage\":\"fr-FR\",\"potentialAction\":[{\"@type\":\"ReadAction\",\"target\":[\"https:\/\/microsol-int.com\/servicios\/creditos-de-carbono\/\"]}]},{\"@type\":\"BreadcrumbList\",\"@id\":\"https:\/\/microsol-int.com\/servicios\/creditos-de-carbono\/#breadcrumb\",\"itemListElement\":[{\"@type\":\"ListItem\",\"position\":1,\"name\":\"Portada\",\"item\":\"https:\/\/microsol-int.com\/\"},{\"@type\":\"ListItem\",\"position\":2,\"name\":\"Servicios\",\"item\":\"https:\/\/microsol-int.com\/servicios\/\"},{\"@type\":\"ListItem\",\"position\":3,\"name\":\"Cr\u00e9ditos de carbono\"}]},{\"@type\":\"WebSite\",\"@id\":\"https:\/\/microsol-int.com\/#website\",\"url\":\"https:\/\/microsol-int.com\/\",\"name\":\"Microsol\",\"description\":\"Una fuente de energ\u00eda sostenible para familias que lo necesitan\",\"publisher\":{\"@id\":\"https:\/\/microsol-int.com\/#organization\"},\"potentialAction\":[{\"@type\":\"SearchAction\",\"target\":{\"@type\":\"EntryPoint\",\"urlTemplate\":\"https:\/\/microsol-int.com\/?s={search_term_string}\"},\"query-input\":{\"@type\":\"PropertyValueSpecification\",\"valueRequired\":true,\"valueName\":\"search_term_string\"}}],\"inLanguage\":\"fr-FR\"},{\"@type\":\"Organization\",\"@id\":\"https:\/\/microsol-int.com\/#organization\",\"name\":\"Microsol\",\"url\":\"https:\/\/microsol-int.com\/\",\"logo\":{\"@type\":\"ImageObject\",\"inLanguage\":\"fr-FR\",\"@id\":\"https:\/\/microsol-int.com\/#\/schema\/logo\/image\/\",\"url\":\"https:\/\/microsol-int.com\/wp-content\/uploads\/2022\/12\/logo.svg\",\"contentUrl\":\"https:\/\/microsol-int.com\/wp-content\/uploads\/2022\/12\/logo.svg\",\"width\":186,\"height\":85,\"caption\":\"Microsol\"},\"image\":{\"@id\":\"https:\/\/microsol-int.com\/#\/schema\/logo\/image\/\"},\"sameAs\":[\"https:\/\/www.facebook.com\/MICROSOLint\",\"https:\/\/x.com\/MicrosolPeru\",\"https:\/\/www.linkedin.com\/company\/microsol\",\"https:\/\/www.youtube.com\/user\/MICROSOLint\/\"]}]}<\/script>\n<!-- \/ Yoast SEO Premium plugin. -->","yoast_head_json":{"title":"Cr\u00e9dits carbone | microsol","robots":{"index":"index","follow":"follow","max-snippet":"max-snippet:-1","max-image-preview":"max-image-preview:large","max-video-preview":"max-video-preview:-1"},"canonical":"https:\/\/microsol-int.com\/fr\/prestations-de-service\/credits-carbone\/","og_locale":"fr_FR","og_type":"article","og_title":"Cr\u00e9ditos de carbono","og_description":"Cr\u00e9ditos de carbono Si deseas obtener m\u00e1s informaci\u00f3n sobre nuestros servicios, env\u00edanos un mensaje. Cont\u00e1ctanos","og_url":"https:\/\/microsol-int.com\/fr\/prestations-de-service\/credits-carbone\/","og_site_name":"Microsol","article_publisher":"https:\/\/www.facebook.com\/MICROSOLint","article_modified_time":"2023-03-01T22:14:48+00:00","og_image":[{"width":1200,"height":675,"url":"https:\/\/microsol-int.com\/wp-content\/uploads\/2023\/07\/microsol-rs.jpg","type":"image\/jpeg"}],"twitter_card":"summary_large_image","twitter_site":"@MicrosolPeru","schema":{"@context":"https:\/\/schema.org","@graph":[{"@type":"WebPage","@id":"https:\/\/microsol-int.com\/servicios\/creditos-de-carbono\/","url":"https:\/\/microsol-int.com\/servicios\/creditos-de-carbono\/","name":"Cr\u00e9dits carbone | microsol","isPartOf":{"@id":"https:\/\/microsol-int.com\/#website"},"datePublished":"2023-01-18T21:21:43+00:00","dateModified":"2023-03-01T22:14:48+00:00","breadcrumb":{"@id":"https:\/\/microsol-int.com\/servicios\/creditos-de-carbono\/#breadcrumb"},"inLanguage":"fr-FR","potentialAction":[{"@type":"ReadAction","target":["https:\/\/microsol-int.com\/servicios\/creditos-de-carbono\/"]}]},{"@type":"BreadcrumbList","@id":"https:\/\/microsol-int.com\/servicios\/creditos-de-carbono\/#breadcrumb","itemListElement":[{"@type":"ListItem","position":1,"name":"Portada","item":"https:\/\/microsol-int.com\/"},{"@type":"ListItem","position":2,"name":"Servicios","item":"https:\/\/microsol-int.com\/servicios\/"},{"@type":"ListItem","position":3,"name":"Cr\u00e9ditos de carbono"}]},{"@type":"WebSite","@id":"https:\/\/microsol-int.com\/#website","url":"https:\/\/microsol-int.com\/","name":"Microsol","description":"Une source d&#039;\u00e9nergie durable pour les familles dans le besoin","publisher":{"@id":"https:\/\/microsol-int.com\/#organization"},"potentialAction":[{"@type":"SearchAction","target":{"@type":"EntryPoint","urlTemplate":"https:\/\/microsol-int.com\/?s={search_term_string}"},"query-input":{"@type":"PropertyValueSpecification","valueRequired":true,"valueName":"search_term_string"}}],"inLanguage":"fr-FR"},{"@type":"Organization","@id":"https:\/\/microsol-int.com\/#organization","name":"Microsol","url":"https:\/\/microsol-int.com\/","logo":{"@type":"ImageObject","inLanguage":"fr-FR","@id":"https:\/\/microsol-int.com\/#\/schema\/logo\/image\/","url":"https:\/\/microsol-int.com\/wp-content\/uploads\/2022\/12\/logo.svg","contentUrl":"https:\/\/microsol-int.com\/wp-content\/uploads\/2022\/12\/logo.svg","width":186,"height":85,"caption":"Microsol"},"image":{"@id":"https:\/\/microsol-int.com\/#\/schema\/logo\/image\/"},"sameAs":["https:\/\/www.facebook.com\/MICROSOLint","https:\/\/x.com\/MicrosolPeru","https:\/\/www.linkedin.com\/company\/microsol","https:\/\/www.youtube.com\/user\/MICROSOLint\/"]}]}},"_links":{"self":[{"href":"https:\/\/microsol-int.com\/fr\/wp-json\/wp\/v2\/pages\/1922","targetHints":{"allow":["GET"]}}],"collection":[{"href":"https:\/\/microsol-int.com\/fr\/wp-json\/wp\/v2\/pages"}],"about":[{"href":"https:\/\/microsol-int.com\/fr\/wp-json\/wp\/v2\/types\/page"}],"author":[{"embeddable":true,"href":"https:\/\/microsol-int.com\/fr\/wp-json\/wp\/v2\/users\/1"}],"replies":[{"embeddable":true,"href":"https:\/\/microsol-int.com\/fr\/wp-json\/wp\/v2\/comments?post=1922"}],"version-history":[{"count":0,"href":"https:\/\/microsol-int.com\/fr\/wp-json\/wp\/v2\/pages\/1922\/revisions"}],"up":[{"embeddable":true,"href":"https:\/\/microsol-int.com\/fr\/wp-json\/wp\/v2\/pages\/319"}],"wp:attachment":[{"href":"https:\/\/microsol-int.com\/fr\/wp-json\/wp\/v2\/media?parent=1922"}],"curies":[{"name":"wp","href":"https:\/\/api.w.org\/{rel}","templated":true}]}}