{"id":317,"date":"2022-12-29T18:35:51","date_gmt":"2022-12-29T18:35:51","guid":{"rendered":"https:\/\/microsol-int.com\/?page_id=317"},"modified":"2024-02-16T00:37:48","modified_gmt":"2024-02-16T05:37:48","slug":"programas","status":"publish","type":"page","link":"https:\/\/microsol-int.com\/en\/programs\/","title":{"rendered":"Programs"},"content":{"rendered":"<div data-elementor-type=\"wp-page\" data-elementor-id=\"317\" class=\"elementor elementor-317\" data-elementor-post-type=\"page\">\n\t\t\t\t\t\t<section data-dce-background-image-url=\"https:\/\/microsol-int.com\/wp-content\/uploads\/2023\/08\/Banner-PROGRAMAS.jpg\" class=\"elementor-section elementor-top-section elementor-element elementor-element-fe21eb4 rey-section-stretched rey-section-bg--classic elementor-section-boxed elementor-section-height-default elementor-section-height-default\" data-id=\"fe21eb4\" data-element_type=\"section\" data-settings=\"{&quot;background_background&quot;:&quot;classic&quot;,&quot;jet_parallax_layout_list&quot;:[],&quot;background_motion_fx_motion_fx_mouse&quot;:&quot;yes&quot;,&quot;background_motion_fx_mouseTrack_effect&quot;:&quot;yes&quot;,&quot;background_motion_fx_mouseTrack_speed&quot;:{&quot;unit&quot;:&quot;px&quot;,&quot;size&quot;:0.1,&quot;sizes&quot;:[]},&quot;ekit_has_onepagescroll_dot&quot;:&quot;yes&quot;}\">\n\t\t\t\t\t\t<div class=\"elementor-container elementor-column-gap-default\">\n\t\t\t\t\t<div class=\"elementor-column elementor-col-100 elementor-top-column elementor-element elementor-element-7cd07f2\" data-id=\"7cd07f2\" data-element_type=\"column\">\n\t\t\t<div class=\"elementor-column-wrap--7cd07f2 elementor-widget-wrap elementor-element-populated\">\n\t\t\t\t\t\t<div class=\"elementor-element elementor-element-dbf5a9d elementor-widget__width-auto elementor-widget elementor-widget-heading\" data-id=\"dbf5a9d\" data-element_type=\"widget\" data-settings=\"{&quot;ekit_we_effect_on&quot;:&quot;none&quot;}\" data-widget_type=\"heading.default\">\n\t\t\t\t<div class=\"elementor-widget-container\">\n\t\t\t\t\t<h2 class=\"elementor-heading-title elementor-size-default\">Programmes<\/h2>\t\t\t\t<\/div>\n\t\t\t\t<\/div>\n\t\t\t\t\t<\/div>\n\t\t<\/div>\n\t\t\t\t\t<\/div>\n\t\t<\/section>\n\t\t\t\t<section class=\"elementor-section elementor-top-section elementor-element elementor-element-07a1e82 rey-section-stretched elementor-section-boxed elementor-section-height-default elementor-section-height-default\" data-id=\"07a1e82\" data-element_type=\"section\" data-settings=\"{&quot;jet_parallax_layout_list&quot;:[],&quot;ekit_has_onepagescroll_dot&quot;:&quot;yes&quot;}\">\n\t\t\t\t\t\t<div class=\"elementor-container elementor-column-gap-default\">\n\t\t\t\t\t<div class=\"elementor-column elementor-col-100 elementor-top-column elementor-element elementor-element-957fa87\" data-id=\"957fa87\" data-element_type=\"column\">\n\t\t\t<div class=\"elementor-column-wrap--957fa87 elementor-widget-wrap elementor-element-populated\">\n\t\t\t\t\t\t<div class=\"elementor-element elementor-element-36b63e4 elementor-widget elementor-widget-text-editor\" data-id=\"36b63e4\" data-element_type=\"widget\" data-settings=\"{&quot;ekit_we_effect_on&quot;:&quot;none&quot;}\" data-widget_type=\"text-editor.default\">\n\t\t\t\t<div class=\"elementor-widget-container\">\n\t\t\t\t\t\t\t\t\t<p>Learn about our sustainable projects and programmes<\/p>\t\t\t\t\t\t\t\t<\/div>\n\t\t\t\t<\/div>\n\t\t\t\t<section class=\"elementor-section elementor-inner-section elementor-element elementor-element-ce862eb rey-flexWrap elementor-section-boxed elementor-section-height-default elementor-section-height-default\" data-id=\"ce862eb\" data-element_type=\"section\" data-settings=\"{&quot;jet_parallax_layout_list&quot;:[],&quot;ekit_has_onepagescroll_dot&quot;:&quot;yes&quot;}\">\n\t\t\t\t\t\t<div class=\"elementor-container elementor-column-gap-extended\">\n\t\t\t\t\t<div class=\"elementor-column elementor-col-33 elementor-inner-column elementor-element elementor-element-14e060e\" data-id=\"14e060e\" data-element_type=\"column\">\n\t\t\t<div class=\"elementor-column-wrap--14e060e elementor-widget-wrap elementor-element-populated\">\n\t\t\t\t\t\t<div class=\"elementor-element elementor-element-793c5f4 elementor-widget elementor-widget-jet-banner\" data-id=\"793c5f4\" data-element_type=\"widget\" data-settings=\"{&quot;ekit_we_effect_on&quot;:&quot;none&quot;}\" data-widget_type=\"jet-banner.default\">\n\t\t\t\t<div class=\"elementor-widget-container\">\n\t\t\t\t\t<div class=\"elementor-jet-banner jet-elements\"><figure class=\"jet-banner jet-effect-lily\"><a href=\"https:\/\/microsol-int.com\/en\/qori-qoncha-peru\/\" class=\"jet-banner__link\"><div class=\"jet-banner__overlay\"><\/div><img decoding=\"async\" src=\"https:\/\/microsol-int.com\/wp-content\/uploads\/2023\/08\/Foto-resumen-de-QQ.jpg\" alt=\"Summary photo of QQ\" width=\"100%\" height=\"100%\" class=\"jet-banner__img\"><figcaption class=\"jet-banner__content\"><div class=\"jet-banner__content-wrap\"><h5 class=\"jet-banner__title\">Qori Q&#039;oncha<\/h5><div class=\"jet-banner__text\">Families in Peru use clean cooking technology to improve their quality of life and fight climate change.<\/div><\/div><\/figcaption><\/a><\/figure>\n<\/div>\t\t\t\t<\/div>\n\t\t\t\t<\/div>\n\t\t\t\t<div class=\"elementor-element elementor-element-a76ca99 elementor-view-stacked --ib-yes elementor-widget__width-auto elementor-absolute --zindexed-2 elementor-shape-circle elementor-widget elementor-widget-icon\" data-id=\"a76ca99\" data-element_type=\"widget\" data-settings=\"{&quot;_position&quot;:&quot;absolute&quot;,&quot;ekit_we_effect_on&quot;:&quot;none&quot;}\" data-widget_type=\"icon.default\">\n\t\t\t\t<div class=\"elementor-widget-container\">\n\t\t\t\t\t\t\t<div class=\"elementor-icon-wrapper\">\n\t\t\t<a class=\"elementor-icon\" href=\"https:\/\/microsol-int.com\/en\/qori-qoncha-peru\/\">\n\t\t\t<i aria-hidden=\"true\" class=\"fas fa-chevron-right\"><\/i>\t\t\t<\/a>\n\t\t<\/div>\n\t\t\t\t\t\t<\/div>\n\t\t\t\t<\/div>\n\t\t\t\t\t<\/div>\n\t\t<\/div>\n\t\t\t\t<div class=\"elementor-column elementor-col-33 elementor-inner-column elementor-element elementor-element-947ba49\" data-id=\"947ba49\" data-element_type=\"column\">\n\t\t\t<div class=\"elementor-column-wrap--947ba49 elementor-widget-wrap elementor-element-populated\">\n\t\t\t\t\t\t<div class=\"elementor-element elementor-element-1c97565 elementor-widget elementor-widget-jet-banner\" data-id=\"1c97565\" data-element_type=\"widget\" data-settings=\"{&quot;ekit_we_effect_on&quot;:&quot;none&quot;}\" data-widget_type=\"jet-banner.default\">\n\t\t\t\t<div class=\"elementor-widget-container\">\n\t\t\t\t\t<div class=\"elementor-jet-banner jet-elements\"><figure class=\"jet-banner jet-effect-lily\"><a href=\"https:\/\/microsol-int.com\/en\/utsil-naj\/\" class=\"jet-banner__link\"><div class=\"jet-banner__overlay\"><\/div><img decoding=\"async\" src=\"https:\/\/microsol-int.com\/wp-content\/uploads\/2023\/08\/Foto-resumen-de-UN.jpg\" alt=\"Summary photo of UN\" width=\"100%\" height=\"100%\" class=\"jet-banner__img\"><figcaption class=\"jet-banner__content\"><div class=\"jet-banner__content-wrap\"><h5 class=\"jet-banner__title\">Utsil Naj<\/h5><div class=\"jet-banner__text\">Communities in Mexico, Honduras and Guatemala implement clean cooking technology to reduce pollution and prevent deforestation.<\/div><\/div><\/figcaption><\/a><\/figure>\n<\/div>\t\t\t\t<\/div>\n\t\t\t\t<\/div>\n\t\t\t\t<div class=\"elementor-element elementor-element-2e5dcd4 elementor-view-stacked --ib-yes elementor-widget__width-auto elementor-absolute --zindexed-2 elementor-shape-circle elementor-widget elementor-widget-icon\" data-id=\"2e5dcd4\" data-element_type=\"widget\" data-settings=\"{&quot;_position&quot;:&quot;absolute&quot;,&quot;ekit_we_effect_on&quot;:&quot;none&quot;}\" data-widget_type=\"icon.default\">\n\t\t\t\t<div class=\"elementor-widget-container\">\n\t\t\t\t\t\t\t<div class=\"elementor-icon-wrapper\">\n\t\t\t<a class=\"elementor-icon\" href=\"https:\/\/microsol-int.com\/en\/utsil-naj\/\">\n\t\t\t<i aria-hidden=\"true\" class=\"fas fa-chevron-right\"><\/i>\t\t\t<\/a>\n\t\t<\/div>\n\t\t\t\t\t\t<\/div>\n\t\t\t\t<\/div>\n\t\t\t\t\t<\/div>\n\t\t<\/div>\n\t\t\t\t<div class=\"elementor-column elementor-col-33 elementor-inner-column elementor-element elementor-element-cd359df\" data-id=\"cd359df\" data-element_type=\"column\">\n\t\t\t<div class=\"elementor-column-wrap--cd359df elementor-widget-wrap elementor-element-populated\">\n\t\t\t\t\t\t<div class=\"elementor-element elementor-element-2451bb8 elementor-widget elementor-widget-jet-banner\" data-id=\"2451bb8\" data-element_type=\"widget\" data-settings=\"{&quot;ekit_we_effect_on&quot;:&quot;none&quot;}\" data-widget_type=\"jet-banner.default\">\n\t\t\t\t<div class=\"elementor-widget-container\">\n\t\t\t\t\t<div class=\"elementor-jet-banner jet-elements\"><figure class=\"jet-banner jet-effect-lily\"><a href=\"https:\/\/microsol-int.com\/en\/itmus\/\" class=\"jet-banner__link\"><div class=\"jet-banner__overlay\"><\/div><img decoding=\"async\" src=\"https:\/\/microsol-int.com\/wp-content\/uploads\/2023\/08\/Foto-resumen-de-TW-2.jpg\" alt=\"Summary photo of TW\" width=\"100%\" height=\"100%\" class=\"jet-banner__img\"><figcaption class=\"jet-banner__content\"><div class=\"jet-banner__content-wrap\"><h5 class=\"jet-banner__title\">ITMO<\/h5><div class=\"jet-banner__text\">Internationally Transferred Mitigation Results (ITMO)<\/div><\/div><\/figcaption><\/a><\/figure>\n<\/div>\t\t\t\t<\/div>\n\t\t\t\t<\/div>\n\t\t\t\t<div class=\"elementor-element elementor-element-fea7522 elementor-view-stacked --ib-yes elementor-widget__width-auto elementor-absolute --zindexed-2 elementor-shape-circle elementor-widget elementor-widget-icon\" data-id=\"fea7522\" data-element_type=\"widget\" data-settings=\"{&quot;_position&quot;:&quot;absolute&quot;,&quot;ekit_we_effect_on&quot;:&quot;none&quot;}\" data-widget_type=\"icon.default\">\n\t\t\t\t<div class=\"elementor-widget-container\">\n\t\t\t\t\t\t\t<div class=\"elementor-icon-wrapper\">\n\t\t\t<a class=\"elementor-icon\" href=\"https:\/\/microsol-int.com\/en\/itmus\/\">\n\t\t\t<i aria-hidden=\"true\" class=\"fas fa-chevron-right\"><\/i>\t\t\t<\/a>\n\t\t<\/div>\n\t\t\t\t\t\t<\/div>\n\t\t\t\t<\/div>\n\t\t\t\t\t<\/div>\n\t\t<\/div>\n\t\t\t\t\t<\/div>\n\t\t<\/section>\n\t\t\t\t\t<\/div>\n\t\t<\/div>\n\t\t\t\t\t<\/div>\n\t\t<\/section>\n\t\t\t\t<section class=\"elementor-section elementor-top-section elementor-element elementor-element-5dde4c6 rey-section-stretched elementor-section-full_width elementor-section-height-default elementor-section-height-default\" data-id=\"5dde4c6\" data-element_type=\"section\" data-settings=\"{&quot;jet_parallax_layout_list&quot;:[],&quot;ekit_has_onepagescroll_dot&quot;:&quot;yes&quot;}\">\n\t\t\t\t\t\t<div class=\"elementor-container elementor-column-gap-default\">\n\t\t\t\t\t<div class=\"elementor-column elementor-col-100 elementor-top-column elementor-element elementor-element-e7c5415\" data-id=\"e7c5415\" data-element_type=\"column\">\n\t\t\t<div class=\"elementor-column-wrap--e7c5415 elementor-widget-wrap elementor-element-populated\">\n\t\t\t\t\t\t<div class=\"elementor-element elementor-element-4229acd elementor-widget elementor-widget-dce-rawphp\" data-id=\"4229acd\" data-element_type=\"widget\" data-settings=\"{&quot;ekit_we_effect_on&quot;:&quot;none&quot;}\" data-widget_type=\"dce-rawphp.default\">\n\t\t\t\t<div class=\"elementor-widget-container\">\n\t\t\t\t\t<!-- Dynamic PHP Raw --><div class=\"map_wrapper\" id=\"map_wrapper_2560\">\n<div class=\"map_box\" style=\"max-width:2000px\">\n<div class=\"map_aspect_ratio\" style=\"padding-top:50%\" data-padding-top=\"50%\" data-padding-top-mobile=\"\">\n<div class=\"map_container\">\n<div class=\"map_render map_loading\" id=\"map_2560\"><\/div>\n<\/div>\n<\/div>\n<\/div>\n<\/div>\t\t\t\t<\/div>\n\t\t\t\t<\/div>\n\t\t\t\t\t<\/div>\n\t\t<\/div>\n\t\t\t\t\t<\/div>\n\t\t<\/section>\n\t\t\t\t<\/div>","protected":false},"excerpt":{"rendered":"<p>All programs Learn about our sustainable projects and programs Qori Q&#039;oncha Families in Peru use clean cooking technology to improve their quality of life and fight climate change. Utsil Naj Communities in Mexico, Honduras and Guatemala implement clean cooking technology to reduce pollution and prevent deforestation. ITMO Results of [\u2026]<\/p>","protected":false},"author":1,"featured_media":0,"parent":0,"menu_order":0,"comment_status":"closed","ping_status":"closed","template":"","meta":{"_acf_changed":false,"footnotes":""},"class_list":["post-317","page","type-page","status-publish","hentry"],"acf":[],"yoast_head":"<!-- This site is optimized with the Yoast SEO Premium plugin v23.5 (Yoast SEO v26.4) - https:\/\/yoast.com\/wordpress\/plugins\/seo\/ -->\n<title>Programas | Microsol<\/title>\n<meta name=\"robots\" content=\"index, follow, max-snippet:-1, max-image-preview:large, max-video-preview:-1\" \/>\n<link rel=\"canonical\" href=\"https:\/\/microsol-int.com\/en\/programs\/\" \/>\n<meta property=\"og:locale\" content=\"en_US\" \/>\n<meta property=\"og:type\" content=\"article\" \/>\n<meta property=\"og:title\" content=\"Programas\" \/>\n<meta property=\"og:description\" content=\"Todos los programas Conoce nuestros proyectos y programas sostenibles Qori Q&#8217;oncha Familias en Per\u00fa utilizan tecnolog\u00eda de cocci\u00f3n limpia para mejorar su calidad de vida y luchar contra el cambio clim\u00e1tico. Utsil Naj Comunidades en M\u00e9xico, Honduras y Guatemala implementan tecnolog\u00eda de cocci\u00f3n limpia para reducir la contaminaci\u00f3n y prevenir la deforestaci\u00f3n. ITMO Resultados de [&hellip;]\" \/>\n<meta property=\"og:url\" content=\"https:\/\/microsol-int.com\/en\/programs\/\" \/>\n<meta property=\"og:site_name\" content=\"Microsol\" \/>\n<meta property=\"article:publisher\" content=\"https:\/\/www.facebook.com\/MICROSOLint\" \/>\n<meta property=\"article:modified_time\" content=\"2024-02-16T05:37:48+00:00\" \/>\n<meta property=\"og:image\" content=\"https:\/\/microsol-int.com\/wp-content\/uploads\/2023\/08\/Foto-resumen-de-QQ.jpg\" \/>\n<meta name=\"twitter:card\" content=\"summary_large_image\" \/>\n<meta name=\"twitter:site\" content=\"@MicrosolPeru\" \/>\n<meta name=\"twitter:label1\" content=\"Est. reading time\" \/>\n\t<meta name=\"twitter:data1\" content=\"1 minute\" \/>\n<script type=\"application\/ld+json\" class=\"yoast-schema-graph\">{\"@context\":\"https:\/\/schema.org\",\"@graph\":[{\"@type\":\"WebPage\",\"@id\":\"https:\/\/microsol-int.com\/programas\/\",\"url\":\"https:\/\/microsol-int.com\/programas\/\",\"name\":\"Programas | Microsol\",\"isPartOf\":{\"@id\":\"https:\/\/microsol-int.com\/#website\"},\"primaryImageOfPage\":{\"@id\":\"https:\/\/microsol-int.com\/programas\/#primaryimage\"},\"image\":{\"@id\":\"https:\/\/microsol-int.com\/programas\/#primaryimage\"},\"thumbnailUrl\":\"https:\/\/microsol-int.com\/wp-content\/uploads\/2023\/08\/Foto-resumen-de-QQ.jpg\",\"datePublished\":\"2022-12-29T18:35:51+00:00\",\"dateModified\":\"2024-02-16T05:37:48+00:00\",\"breadcrumb\":{\"@id\":\"https:\/\/microsol-int.com\/programas\/#breadcrumb\"},\"inLanguage\":\"en-US\",\"potentialAction\":[{\"@type\":\"ReadAction\",\"target\":[\"https:\/\/microsol-int.com\/programas\/\"]}]},{\"@type\":\"ImageObject\",\"inLanguage\":\"en-US\",\"@id\":\"https:\/\/microsol-int.com\/programas\/#primaryimage\",\"url\":\"https:\/\/microsol-int.com\/wp-content\/uploads\/2023\/08\/Foto-resumen-de-QQ.jpg\",\"contentUrl\":\"https:\/\/microsol-int.com\/wp-content\/uploads\/2023\/08\/Foto-resumen-de-QQ.jpg\"},{\"@type\":\"BreadcrumbList\",\"@id\":\"https:\/\/microsol-int.com\/programas\/#breadcrumb\",\"itemListElement\":[{\"@type\":\"ListItem\",\"position\":1,\"name\":\"Portada\",\"item\":\"https:\/\/microsol-int.com\/\"},{\"@type\":\"ListItem\",\"position\":2,\"name\":\"Programas\"}]},{\"@type\":\"WebSite\",\"@id\":\"https:\/\/microsol-int.com\/#website\",\"url\":\"https:\/\/microsol-int.com\/\",\"name\":\"Microsol\",\"description\":\"Una fuente de energ\u00eda sostenible para familias que lo necesitan\",\"publisher\":{\"@id\":\"https:\/\/microsol-int.com\/#organization\"},\"potentialAction\":[{\"@type\":\"SearchAction\",\"target\":{\"@type\":\"EntryPoint\",\"urlTemplate\":\"https:\/\/microsol-int.com\/?s={search_term_string}\"},\"query-input\":{\"@type\":\"PropertyValueSpecification\",\"valueRequired\":true,\"valueName\":\"search_term_string\"}}],\"inLanguage\":\"en-US\"},{\"@type\":\"Organization\",\"@id\":\"https:\/\/microsol-int.com\/#organization\",\"name\":\"Microsol\",\"url\":\"https:\/\/microsol-int.com\/\",\"logo\":{\"@type\":\"ImageObject\",\"inLanguage\":\"en-US\",\"@id\":\"https:\/\/microsol-int.com\/#\/schema\/logo\/image\/\",\"url\":\"https:\/\/microsol-int.com\/wp-content\/uploads\/2022\/12\/logo.svg\",\"contentUrl\":\"https:\/\/microsol-int.com\/wp-content\/uploads\/2022\/12\/logo.svg\",\"width\":186,\"height\":85,\"caption\":\"Microsol\"},\"image\":{\"@id\":\"https:\/\/microsol-int.com\/#\/schema\/logo\/image\/\"},\"sameAs\":[\"https:\/\/www.facebook.com\/MICROSOLint\",\"https:\/\/x.com\/MicrosolPeru\",\"https:\/\/www.linkedin.com\/company\/microsol\",\"https:\/\/www.youtube.com\/user\/MICROSOLint\/\"]}]}<\/script>\n<!-- \/ Yoast SEO Premium plugin. -->","yoast_head_json":{"title":"Programs | microsol","robots":{"index":"index","follow":"follow","max-snippet":"max-snippet:-1","max-image-preview":"max-image-preview:large","max-video-preview":"max-video-preview:-1"},"canonical":"https:\/\/microsol-int.com\/en\/programs\/","og_locale":"en_US","og_type":"article","og_title":"Programas","og_description":"Todos los programas Conoce nuestros proyectos y programas sostenibles Qori Q&#8217;oncha Familias en Per\u00fa utilizan tecnolog\u00eda de cocci\u00f3n limpia para mejorar su calidad de vida y luchar contra el cambio clim\u00e1tico. Utsil Naj Comunidades en M\u00e9xico, Honduras y Guatemala implementan tecnolog\u00eda de cocci\u00f3n limpia para reducir la contaminaci\u00f3n y prevenir la deforestaci\u00f3n. ITMO Resultados de [&hellip;]","og_url":"https:\/\/microsol-int.com\/en\/programs\/","og_site_name":"Microsol","article_publisher":"https:\/\/www.facebook.com\/MICROSOLint","article_modified_time":"2024-02-16T05:37:48+00:00","og_image":[{"url":"https:\/\/microsol-int.com\/wp-content\/uploads\/2023\/08\/Foto-resumen-de-QQ.jpg","type":"","width":"","height":""}],"twitter_card":"summary_large_image","twitter_site":"@MicrosolPeru","twitter_misc":{"Est. reading time":"1 minute"},"schema":{"@context":"https:\/\/schema.org","@graph":[{"@type":"WebPage","@id":"https:\/\/microsol-int.com\/programas\/","url":"https:\/\/microsol-int.com\/programas\/","name":"Programs | microsol","isPartOf":{"@id":"https:\/\/microsol-int.com\/#website"},"primaryImageOfPage":{"@id":"https:\/\/microsol-int.com\/programas\/#primaryimage"},"image":{"@id":"https:\/\/microsol-int.com\/programas\/#primaryimage"},"thumbnailUrl":"https:\/\/microsol-int.com\/wp-content\/uploads\/2023\/08\/Foto-resumen-de-QQ.jpg","datePublished":"2022-12-29T18:35:51+00:00","dateModified":"2024-02-16T05:37:48+00:00","breadcrumb":{"@id":"https:\/\/microsol-int.com\/programas\/#breadcrumb"},"inLanguage":"en-US","potentialAction":[{"@type":"ReadAction","target":["https:\/\/microsol-int.com\/programas\/"]}]},{"@type":"ImageObject","inLanguage":"en-US","@id":"https:\/\/microsol-int.com\/programas\/#primaryimage","url":"https:\/\/microsol-int.com\/wp-content\/uploads\/2023\/08\/Foto-resumen-de-QQ.jpg","contentUrl":"https:\/\/microsol-int.com\/wp-content\/uploads\/2023\/08\/Foto-resumen-de-QQ.jpg"},{"@type":"BreadcrumbList","@id":"https:\/\/microsol-int.com\/programas\/#breadcrumb","itemListElement":[{"@type":"ListItem","position":1,"name":"Portada","item":"https:\/\/microsol-int.com\/"},{"@type":"ListItem","position":2,"name":"Programas"}]},{"@type":"WebSite","@id":"https:\/\/microsol-int.com\/#website","url":"https:\/\/microsol-int.com\/","name":"Microsol","description":"A sustainable energy source for families in need","publisher":{"@id":"https:\/\/microsol-int.com\/#organization"},"potentialAction":[{"@type":"SearchAction","target":{"@type":"EntryPoint","urlTemplate":"https:\/\/microsol-int.com\/?s={search_term_string}"},"query-input":{"@type":"PropertyValueSpecification","valueRequired":true,"valueName":"search_term_string"}}],"inLanguage":"en-US"},{"@type":"Organization","@id":"https:\/\/microsol-int.com\/#organization","name":"Microsol","url":"https:\/\/microsol-int.com\/","logo":{"@type":"ImageObject","inLanguage":"en-US","@id":"https:\/\/microsol-int.com\/#\/schema\/logo\/image\/","url":"https:\/\/microsol-int.com\/wp-content\/uploads\/2022\/12\/logo.svg","contentUrl":"https:\/\/microsol-int.com\/wp-content\/uploads\/2022\/12\/logo.svg","width":186,"height":85,"caption":"Microsol"},"image":{"@id":"https:\/\/microsol-int.com\/#\/schema\/logo\/image\/"},"sameAs":["https:\/\/www.facebook.com\/MICROSOLint","https:\/\/x.com\/MicrosolPeru","https:\/\/www.linkedin.com\/company\/microsol","https:\/\/www.youtube.com\/user\/MICROSOLint\/"]}]}},"_links":{"self":[{"href":"https:\/\/microsol-int.com\/en\/wp-json\/wp\/v2\/pages\/317","targetHints":{"allow":["GET"]}}],"collection":[{"href":"https:\/\/microsol-int.com\/en\/wp-json\/wp\/v2\/pages"}],"about":[{"href":"https:\/\/microsol-int.com\/en\/wp-json\/wp\/v2\/types\/page"}],"author":[{"embeddable":true,"href":"https:\/\/microsol-int.com\/en\/wp-json\/wp\/v2\/users\/1"}],"replies":[{"embeddable":true,"href":"https:\/\/microsol-int.com\/en\/wp-json\/wp\/v2\/comments?post=317"}],"version-history":[{"count":0,"href":"https:\/\/microsol-int.com\/en\/wp-json\/wp\/v2\/pages\/317\/revisions"}],"wp:attachment":[{"href":"https:\/\/microsol-int.com\/en\/wp-json\/wp\/v2\/media?parent=317"}],"curies":[{"name":"wp","href":"https:\/\/api.w.org\/{rel}","templated":true}]}}