{"id":1946,"date":"2023-01-18T21:27:31","date_gmt":"2023-01-18T21:27:31","guid":{"rendered":"https:\/\/microsol-int.com\/?page_id=1946"},"modified":"2023-11-20T12:24:47","modified_gmt":"2023-11-20T17:24:47","slug":"proyectos-de-financiamiento-sostenible","status":"publish","type":"page","link":"https:\/\/microsol-int.com\/en\/services\/sustainable-financing-projects\/","title":{"rendered":"Sustainable financing projects"},"content":{"rendered":"<div data-elementor-type=\"wp-page\" data-elementor-id=\"1946\" class=\"elementor elementor-1946\" data-elementor-post-type=\"page\">\n\t\t\t\t\t\t<section data-dce-background-image-url=\"https:\/\/microsol-int.com\/wp-content\/uploads\/2023\/01\/proyectosfs-hero-bg.png\" class=\"elementor-section elementor-top-section elementor-element elementor-element-431c84e rey-section-stretched elementor-section-height-min-height rey-section-bg--classic --zindexed-8 elementor-section-boxed elementor-section-height-default elementor-section-items-middle\" data-id=\"431c84e\" data-element_type=\"section\" data-settings=\"{&quot;background_background&quot;:&quot;classic&quot;,&quot;jet_parallax_layout_list&quot;:[],&quot;background_motion_fx_motion_fx_mouse&quot;:&quot;yes&quot;,&quot;background_motion_fx_mouseTrack_effect&quot;:&quot;yes&quot;,&quot;background_motion_fx_mouseTrack_speed&quot;:{&quot;unit&quot;:&quot;px&quot;,&quot;size&quot;:0.1,&quot;sizes&quot;:[]},&quot;ekit_has_onepagescroll_dot&quot;:&quot;yes&quot;}\">\n\t\t\t\t\t\t<div class=\"elementor-container elementor-column-gap-default\">\n\t\t\t\t\t<div class=\"elementor-column elementor-col-100 elementor-top-column elementor-element elementor-element-2dad138\" data-id=\"2dad138\" data-element_type=\"column\">\n\t\t\t<div class=\"elementor-column-wrap--2dad138 elementor-widget-wrap elementor-element-populated\">\n\t\t\t\t\t\t<div class=\"elementor-element elementor-element-94298f2 elementor-widget__width-auto elementor-widget elementor-widget-heading\" data-id=\"94298f2\" data-element_type=\"widget\" data-settings=\"{&quot;ekit_we_effect_on&quot;:&quot;none&quot;}\" data-widget_type=\"heading.default\">\n\t\t\t\t<div class=\"elementor-widget-container\">\n\t\t\t\t\t<h2 class=\"elementor-heading-title elementor-size-default\">Sustainable financing projects<\/h2>\t\t\t\t<\/div>\n\t\t\t\t<\/div>\n\t\t\t\t\t<\/div>\n\t\t<\/div>\n\t\t\t\t\t<\/div>\n\t\t<\/section>\n\t\t\t\t<section class=\"elementor-section elementor-top-section elementor-element elementor-element-84ae845 elementor-section-content-middle rey-section-stretched elementor-section-boxed elementor-section-height-default elementor-section-height-default\" data-id=\"84ae845\" data-element_type=\"section\" data-settings=\"{&quot;jet_parallax_layout_list&quot;:[],&quot;ekit_has_onepagescroll_dot&quot;:&quot;yes&quot;}\">\n\t\t\t\t\t\t<div class=\"elementor-container elementor-column-gap-wider\">\n\t\t\t\t\t<div class=\"elementor-column elementor-col-50 elementor-top-column elementor-element elementor-element-a01dba4\" data-id=\"a01dba4\" data-element_type=\"column\">\n\t\t\t<div class=\"elementor-column-wrap--a01dba4 elementor-widget-wrap elementor-element-populated\">\n\t\t\t\t\t\t<div class=\"elementor-element elementor-element-fc84689 elementor-widget elementor-widget-text-editor\" data-id=\"fc84689\" data-element_type=\"widget\" data-settings=\"{&quot;ekit_we_effect_on&quot;:&quot;none&quot;}\" data-widget_type=\"text-editor.default\">\n\t\t\t\t<div class=\"elementor-widget-container\">\n\t\t\t\t\t\t\t\t\t<p><strong>Microsol works with different actors to execute projects that are sustainable over time.<\/strong> We evaluate emissions mitigation projects by applying a rigorous methodology at each stage of the project, accompanying local partners until low-carbon contributions are generated and placed in the voluntary carbon market. In this way, we ensure that each project is designed and executed under a sustainability approach, in accordance with the Gold Standard, one of the most rigorous international carbon standards that exist.<\/p>\t\t\t\t\t\t\t\t<\/div>\n\t\t\t\t<\/div>\n\t\t\t\t<div class=\"elementor-element elementor-element-6393c3f elementor-mobile-align-center elementor-widget elementor-widget-button\" data-id=\"6393c3f\" data-element_type=\"widget\" data-settings=\"{&quot;ekit_we_effect_on&quot;:&quot;none&quot;}\" data-widget_type=\"button.default\">\n\t\t\t\t<div class=\"elementor-widget-container\">\n\t\t\t\t\t\t\t\t\t<div class=\"elementor-button-wrapper\">\n\t\t\t\t\t<a class=\"elementor-button elementor-button-link elementor-size-sm\" href=\"#\">\n\t\t\t\t\t\t<span class=\"elementor-button-content-wrapper\">\n\t\t\t\t\t\t<span class=\"elementor-button-icon\">\n\t\t\t\t<i aria-hidden=\"true\" class=\"fas fa-chevron-right\"><\/i>\t\t\t<\/span>\n\t\t\t\t\t\t\t\t\t<span class=\"elementor-button-text\">Contact us<\/span>\n\t\t\t\t\t<\/span>\n\t\t\t\t\t<\/a>\n\t\t\t\t<\/div>\n\t\t\t\t\t\t\t\t<\/div>\n\t\t\t\t<\/div>\n\t\t\t\t\t<\/div>\n\t\t<\/div>\n\t\t\t\t<div class=\"elementor-column elementor-col-50 elementor-top-column elementor-element elementor-element-a0de35f\" data-id=\"a0de35f\" data-element_type=\"column\">\n\t\t\t<div class=\"elementor-column-wrap--a0de35f elementor-widget-wrap elementor-element-populated\">\n\t\t\t\t\t\t<div class=\"elementor-element elementor-element-3d5f6b5 elementor-widget elementor-widget-image\" data-id=\"3d5f6b5\" data-element_type=\"widget\" data-settings=\"{&quot;ekit_we_effect_on&quot;:&quot;none&quot;}\" data-widget_type=\"image.default\">\n\t\t\t\t<div class=\"elementor-widget-container\">\n\t\t\t\t\t\t\t\t\t\t\t\t\t\t\t<img fetchpriority=\"high\" decoding=\"async\" width=\"798\" height=\"592\" src=\"https:\/\/microsol-int.com\/wp-content\/uploads\/2023\/01\/proyectosfs-img-1.png\" class=\"attachment-large size-large wp-image-1972\" alt=\"\" srcset=\"https:\/\/microsol-int.com\/wp-content\/uploads\/2023\/01\/proyectosfs-img-1.png 798w, https:\/\/microsol-int.com\/wp-content\/uploads\/2023\/01\/proyectosfs-img-1-300x223.png 300w, https:\/\/microsol-int.com\/wp-content\/uploads\/2023\/01\/proyectosfs-img-1-768x570.png 768w\" sizes=\"(max-width: 798px) 100vw, 798px\" \/>\t\t\t\t\t\t\t\t\t\t\t\t\t\t\t<\/div>\n\t\t\t\t<\/div>\n\t\t\t\t\t<\/div>\n\t\t<\/div>\n\t\t\t\t\t<\/div>\n\t\t<\/section>\n\t\t\t\t<\/div>","protected":false},"excerpt":{"rendered":"<p>Sustainable financing projects Microsol works with different actors to execute sustainable projects over time. We evaluate emissions mitigation projects by applying a rigorous methodology at each stage of the project, accompanying local partners until low-carbon contributions are generated and placed in the voluntary carbon market. Of [\u2026]<\/p>","protected":false},"author":1,"featured_media":0,"parent":319,"menu_order":0,"comment_status":"closed","ping_status":"closed","template":"","meta":{"_acf_changed":false,"footnotes":""},"class_list":["post-1946","page","type-page","status-publish","hentry"],"acf":[],"yoast_head":"<!-- This site is optimized with the Yoast SEO Premium plugin v23.5 (Yoast SEO v26.4) - https:\/\/yoast.com\/wordpress\/plugins\/seo\/ -->\n<title>Proyectos de financiamiento sostenible | Microsol<\/title>\n<meta name=\"robots\" content=\"index, follow, max-snippet:-1, max-image-preview:large, max-video-preview:-1\" \/>\n<link rel=\"canonical\" href=\"https:\/\/microsol-int.com\/en\/services\/sustainable-financing-projects\/\" \/>\n<meta property=\"og:locale\" content=\"en_US\" \/>\n<meta property=\"og:type\" content=\"article\" \/>\n<meta property=\"og:title\" content=\"Proyectos de financiamiento sostenible\" \/>\n<meta property=\"og:description\" content=\"Proyectos de financiamiento sostenible Microsol trabaja con diferentes actores para ejecutar proyectos sostenibles en el tiempo. Evaluamos los proyectos de mitigaci\u00f3n de emisiones aplicando una rigurosa metodolog\u00eda en cada etapa del proyecto, acompa\u00f1ando a los socios locales hasta que las contribuciones bajo en carbono sean generadas y colocadas en el mercado voluntario de carbono. De [&hellip;]\" \/>\n<meta property=\"og:url\" content=\"https:\/\/microsol-int.com\/en\/services\/sustainable-financing-projects\/\" \/>\n<meta property=\"og:site_name\" content=\"Microsol\" \/>\n<meta property=\"article:publisher\" content=\"https:\/\/www.facebook.com\/MICROSOLint\" \/>\n<meta property=\"article:modified_time\" content=\"2023-11-20T17:24:47+00:00\" \/>\n<meta property=\"og:image\" content=\"https:\/\/microsol-int.com\/wp-content\/uploads\/2023\/01\/proyectosfs-img-1.png\" \/>\n<meta name=\"twitter:card\" content=\"summary_large_image\" \/>\n<meta name=\"twitter:site\" content=\"@MicrosolPeru\" \/>\n<meta name=\"twitter:label1\" content=\"Est. reading time\" \/>\n\t<meta name=\"twitter:data1\" content=\"1 minute\" \/>\n<script type=\"application\/ld+json\" class=\"yoast-schema-graph\">{\"@context\":\"https:\/\/schema.org\",\"@graph\":[{\"@type\":\"WebPage\",\"@id\":\"https:\/\/microsol-int.com\/servicios\/proyectos-de-financiamiento-sostenible\/\",\"url\":\"https:\/\/microsol-int.com\/servicios\/proyectos-de-financiamiento-sostenible\/\",\"name\":\"Proyectos de financiamiento sostenible | Microsol\",\"isPartOf\":{\"@id\":\"https:\/\/microsol-int.com\/#website\"},\"primaryImageOfPage\":{\"@id\":\"https:\/\/microsol-int.com\/servicios\/proyectos-de-financiamiento-sostenible\/#primaryimage\"},\"image\":{\"@id\":\"https:\/\/microsol-int.com\/servicios\/proyectos-de-financiamiento-sostenible\/#primaryimage\"},\"thumbnailUrl\":\"https:\/\/microsol-int.com\/wp-content\/uploads\/2023\/01\/proyectosfs-img-1.png\",\"datePublished\":\"2023-01-18T21:27:31+00:00\",\"dateModified\":\"2023-11-20T17:24:47+00:00\",\"breadcrumb\":{\"@id\":\"https:\/\/microsol-int.com\/servicios\/proyectos-de-financiamiento-sostenible\/#breadcrumb\"},\"inLanguage\":\"en-US\",\"potentialAction\":[{\"@type\":\"ReadAction\",\"target\":[\"https:\/\/microsol-int.com\/servicios\/proyectos-de-financiamiento-sostenible\/\"]}]},{\"@type\":\"ImageObject\",\"inLanguage\":\"en-US\",\"@id\":\"https:\/\/microsol-int.com\/servicios\/proyectos-de-financiamiento-sostenible\/#primaryimage\",\"url\":\"https:\/\/microsol-int.com\/wp-content\/uploads\/2023\/01\/proyectosfs-img-1.png\",\"contentUrl\":\"https:\/\/microsol-int.com\/wp-content\/uploads\/2023\/01\/proyectosfs-img-1.png\"},{\"@type\":\"BreadcrumbList\",\"@id\":\"https:\/\/microsol-int.com\/servicios\/proyectos-de-financiamiento-sostenible\/#breadcrumb\",\"itemListElement\":[{\"@type\":\"ListItem\",\"position\":1,\"name\":\"Portada\",\"item\":\"https:\/\/microsol-int.com\/\"},{\"@type\":\"ListItem\",\"position\":2,\"name\":\"Servicios\",\"item\":\"https:\/\/microsol-int.com\/servicios\/\"},{\"@type\":\"ListItem\",\"position\":3,\"name\":\"Proyectos de financiamiento sostenible\"}]},{\"@type\":\"WebSite\",\"@id\":\"https:\/\/microsol-int.com\/#website\",\"url\":\"https:\/\/microsol-int.com\/\",\"name\":\"Microsol\",\"description\":\"Una fuente de energ\u00eda sostenible para familias que lo necesitan\",\"publisher\":{\"@id\":\"https:\/\/microsol-int.com\/#organization\"},\"potentialAction\":[{\"@type\":\"SearchAction\",\"target\":{\"@type\":\"EntryPoint\",\"urlTemplate\":\"https:\/\/microsol-int.com\/?s={search_term_string}\"},\"query-input\":{\"@type\":\"PropertyValueSpecification\",\"valueRequired\":true,\"valueName\":\"search_term_string\"}}],\"inLanguage\":\"en-US\"},{\"@type\":\"Organization\",\"@id\":\"https:\/\/microsol-int.com\/#organization\",\"name\":\"Microsol\",\"url\":\"https:\/\/microsol-int.com\/\",\"logo\":{\"@type\":\"ImageObject\",\"inLanguage\":\"en-US\",\"@id\":\"https:\/\/microsol-int.com\/#\/schema\/logo\/image\/\",\"url\":\"https:\/\/microsol-int.com\/wp-content\/uploads\/2022\/12\/logo.svg\",\"contentUrl\":\"https:\/\/microsol-int.com\/wp-content\/uploads\/2022\/12\/logo.svg\",\"width\":186,\"height\":85,\"caption\":\"Microsol\"},\"image\":{\"@id\":\"https:\/\/microsol-int.com\/#\/schema\/logo\/image\/\"},\"sameAs\":[\"https:\/\/www.facebook.com\/MICROSOLint\",\"https:\/\/x.com\/MicrosolPeru\",\"https:\/\/www.linkedin.com\/company\/microsol\",\"https:\/\/www.youtube.com\/user\/MICROSOLint\/\"]}]}<\/script>\n<!-- \/ Yoast SEO Premium plugin. -->","yoast_head_json":{"title":"Sustainable financing projects | microsol","robots":{"index":"index","follow":"follow","max-snippet":"max-snippet:-1","max-image-preview":"max-image-preview:large","max-video-preview":"max-video-preview:-1"},"canonical":"https:\/\/microsol-int.com\/en\/services\/sustainable-financing-projects\/","og_locale":"en_US","og_type":"article","og_title":"Proyectos de financiamiento sostenible","og_description":"Proyectos de financiamiento sostenible Microsol trabaja con diferentes actores para ejecutar proyectos sostenibles en el tiempo. Evaluamos los proyectos de mitigaci\u00f3n de emisiones aplicando una rigurosa metodolog\u00eda en cada etapa del proyecto, acompa\u00f1ando a los socios locales hasta que las contribuciones bajo en carbono sean generadas y colocadas en el mercado voluntario de carbono. De [&hellip;]","og_url":"https:\/\/microsol-int.com\/en\/services\/sustainable-financing-projects\/","og_site_name":"Microsol","article_publisher":"https:\/\/www.facebook.com\/MICROSOLint","article_modified_time":"2023-11-20T17:24:47+00:00","og_image":[{"url":"https:\/\/microsol-int.com\/wp-content\/uploads\/2023\/01\/proyectosfs-img-1.png","type":"","width":"","height":""}],"twitter_card":"summary_large_image","twitter_site":"@MicrosolPeru","twitter_misc":{"Est. reading time":"1 minute"},"schema":{"@context":"https:\/\/schema.org","@graph":[{"@type":"WebPage","@id":"https:\/\/microsol-int.com\/servicios\/proyectos-de-financiamiento-sostenible\/","url":"https:\/\/microsol-int.com\/servicios\/proyectos-de-financiamiento-sostenible\/","name":"Sustainable financing projects | microsol","isPartOf":{"@id":"https:\/\/microsol-int.com\/#website"},"primaryImageOfPage":{"@id":"https:\/\/microsol-int.com\/servicios\/proyectos-de-financiamiento-sostenible\/#primaryimage"},"image":{"@id":"https:\/\/microsol-int.com\/servicios\/proyectos-de-financiamiento-sostenible\/#primaryimage"},"thumbnailUrl":"https:\/\/microsol-int.com\/wp-content\/uploads\/2023\/01\/proyectosfs-img-1.png","datePublished":"2023-01-18T21:27:31+00:00","dateModified":"2023-11-20T17:24:47+00:00","breadcrumb":{"@id":"https:\/\/microsol-int.com\/servicios\/proyectos-de-financiamiento-sostenible\/#breadcrumb"},"inLanguage":"en-US","potentialAction":[{"@type":"ReadAction","target":["https:\/\/microsol-int.com\/servicios\/proyectos-de-financiamiento-sostenible\/"]}]},{"@type":"ImageObject","inLanguage":"en-US","@id":"https:\/\/microsol-int.com\/servicios\/proyectos-de-financiamiento-sostenible\/#primaryimage","url":"https:\/\/microsol-int.com\/wp-content\/uploads\/2023\/01\/proyectosfs-img-1.png","contentUrl":"https:\/\/microsol-int.com\/wp-content\/uploads\/2023\/01\/proyectosfs-img-1.png"},{"@type":"BreadcrumbList","@id":"https:\/\/microsol-int.com\/servicios\/proyectos-de-financiamiento-sostenible\/#breadcrumb","itemListElement":[{"@type":"ListItem","position":1,"name":"Portada","item":"https:\/\/microsol-int.com\/"},{"@type":"ListItem","position":2,"name":"Servicios","item":"https:\/\/microsol-int.com\/servicios\/"},{"@type":"ListItem","position":3,"name":"Proyectos de financiamiento sostenible"}]},{"@type":"WebSite","@id":"https:\/\/microsol-int.com\/#website","url":"https:\/\/microsol-int.com\/","name":"Microsol","description":"A sustainable energy source for families in need","publisher":{"@id":"https:\/\/microsol-int.com\/#organization"},"potentialAction":[{"@type":"SearchAction","target":{"@type":"EntryPoint","urlTemplate":"https:\/\/microsol-int.com\/?s={search_term_string}"},"query-input":{"@type":"PropertyValueSpecification","valueRequired":true,"valueName":"search_term_string"}}],"inLanguage":"en-US"},{"@type":"Organization","@id":"https:\/\/microsol-int.com\/#organization","name":"Microsol","url":"https:\/\/microsol-int.com\/","logo":{"@type":"ImageObject","inLanguage":"en-US","@id":"https:\/\/microsol-int.com\/#\/schema\/logo\/image\/","url":"https:\/\/microsol-int.com\/wp-content\/uploads\/2022\/12\/logo.svg","contentUrl":"https:\/\/microsol-int.com\/wp-content\/uploads\/2022\/12\/logo.svg","width":186,"height":85,"caption":"Microsol"},"image":{"@id":"https:\/\/microsol-int.com\/#\/schema\/logo\/image\/"},"sameAs":["https:\/\/www.facebook.com\/MICROSOLint","https:\/\/x.com\/MicrosolPeru","https:\/\/www.linkedin.com\/company\/microsol","https:\/\/www.youtube.com\/user\/MICROSOLint\/"]}]}},"_links":{"self":[{"href":"https:\/\/microsol-int.com\/en\/wp-json\/wp\/v2\/pages\/1946","targetHints":{"allow":["GET"]}}],"collection":[{"href":"https:\/\/microsol-int.com\/en\/wp-json\/wp\/v2\/pages"}],"about":[{"href":"https:\/\/microsol-int.com\/en\/wp-json\/wp\/v2\/types\/page"}],"author":[{"embeddable":true,"href":"https:\/\/microsol-int.com\/en\/wp-json\/wp\/v2\/users\/1"}],"replies":[{"embeddable":true,"href":"https:\/\/microsol-int.com\/en\/wp-json\/wp\/v2\/comments?post=1946"}],"version-history":[{"count":0,"href":"https:\/\/microsol-int.com\/en\/wp-json\/wp\/v2\/pages\/1946\/revisions"}],"up":[{"embeddable":true,"href":"https:\/\/microsol-int.com\/en\/wp-json\/wp\/v2\/pages\/319"}],"wp:attachment":[{"href":"https:\/\/microsol-int.com\/en\/wp-json\/wp\/v2\/media?parent=1946"}],"curies":[{"name":"wp","href":"https:\/\/api.w.org\/{rel}","templated":true}]}}