{"id":1052,"date":"2023-01-10T19:01:27","date_gmt":"2023-01-11T00:01:27","guid":{"rendered":"https:\/\/microsol-int.com\/?page_id=1052"},"modified":"2023-11-22T16:49:19","modified_gmt":"2023-11-22T21:49:19","slug":"utsil-naj","status":"publish","type":"page","link":"https:\/\/microsol-int.com\/en\/utsil-naj\/","title":{"rendered":"Utsil Naj"},"content":{"rendered":"<div data-elementor-type=\"wp-page\" data-elementor-id=\"1052\" class=\"elementor elementor-1052\" data-elementor-post-type=\"page\">\n\t\t\t\t\t\t<section data-dce-background-image-url=\"https:\/\/microsol-int.com\/wp-content\/uploads\/2023\/08\/Banner-UN_01.jpg\" class=\"elementor-section elementor-top-section elementor-element elementor-element-db8ccd4 rey-section-stretched elementor-section-height-min-height rey-section-bg--classic elementor-section-boxed elementor-section-height-default elementor-section-items-middle\" data-id=\"db8ccd4\" data-element_type=\"section\" data-settings=\"{&quot;background_background&quot;:&quot;classic&quot;,&quot;jet_parallax_layout_list&quot;:[],&quot;background_motion_fx_motion_fx_mouse&quot;:&quot;yes&quot;,&quot;background_motion_fx_mouseTrack_effect&quot;:&quot;yes&quot;,&quot;background_motion_fx_mouseTrack_speed&quot;:{&quot;unit&quot;:&quot;px&quot;,&quot;size&quot;:0.1000000000000000055511151231257827021181583404541015625,&quot;sizes&quot;:[]},&quot;ekit_has_onepagescroll_dot&quot;:&quot;yes&quot;}\">\n\t\t\t\t\t\t<div class=\"elementor-container elementor-column-gap-default\">\n\t\t\t\t\t<div class=\"elementor-column elementor-col-100 elementor-top-column elementor-element elementor-element-a9d58e5\" data-id=\"a9d58e5\" data-element_type=\"column\">\n\t\t\t<div class=\"elementor-column-wrap--a9d58e5 elementor-widget-wrap elementor-element-populated\">\n\t\t\t\t\t\t<div class=\"elementor-element elementor-element-6706568 elementor-widget__width-auto elementor-widget elementor-widget-heading\" data-id=\"6706568\" data-element_type=\"widget\" data-settings=\"{&quot;ekit_we_effect_on&quot;:&quot;none&quot;}\" data-widget_type=\"heading.default\">\n\t\t\t\t<div class=\"elementor-widget-container\">\n\t\t\t\t\t<h2 class=\"elementor-heading-title elementor-size-default\">Utsil Naj<\/h2>\t\t\t\t<\/div>\n\t\t\t\t<\/div>\n\t\t\t\t\t<\/div>\n\t\t<\/div>\n\t\t\t\t\t<\/div>\n\t\t<\/section>\n\t\t\t\t<section class=\"elementor-section elementor-top-section elementor-element elementor-element-5d79636 rey-section-stretched elementor-section-boxed elementor-section-height-default elementor-section-height-default\" data-id=\"5d79636\" data-element_type=\"section\" data-settings=\"{&quot;jet_parallax_layout_list&quot;:[],&quot;ekit_has_onepagescroll_dot&quot;:&quot;yes&quot;}\">\n\t\t\t\t\t\t<div class=\"elementor-container elementor-column-gap-default\">\n\t\t\t\t\t<div class=\"elementor-column elementor-col-100 elementor-top-column elementor-element elementor-element-5092b02\" data-id=\"5092b02\" data-element_type=\"column\">\n\t\t\t<div class=\"elementor-column-wrap--5092b02 elementor-widget-wrap elementor-element-populated\">\n\t\t\t\t\t\t<div class=\"elementor-element elementor-element-412bd67 elementor-widget__width-initial elementor-widget elementor-widget-text-editor\" data-id=\"412bd67\" data-element_type=\"widget\" data-settings=\"{&quot;ekit_we_effect_on&quot;:&quot;none&quot;}\" data-widget_type=\"text-editor.default\">\n\t\t\t\t<div class=\"elementor-widget-container\">\n\t\t\t\t\t\t\t\t\t<p>The Utsil Naj Program, in Mexico, Guatemala and Honduras, uses clean cooking technology to help families enjoy their traditional food in a healthy and sustainable way.<\/p>\t\t\t\t\t\t\t\t<\/div>\n\t\t\t\t<\/div>\n\t\t\t\t\t<\/div>\n\t\t<\/div>\n\t\t\t\t\t<\/div>\n\t\t<\/section>\n\t\t\t\t<section class=\"elementor-section elementor-top-section elementor-element elementor-element-86cc797 rey-section-stretched elementor-section-boxed elementor-section-height-default elementor-section-height-default\" data-id=\"86cc797\" data-element_type=\"section\" data-settings=\"{&quot;jet_parallax_layout_list&quot;:[],&quot;ekit_has_onepagescroll_dot&quot;:&quot;yes&quot;}\">\n\t\t\t\t\t\t<div class=\"elementor-container elementor-column-gap-default\">\n\t\t\t\t\t<div class=\"elementor-column elementor-col-100 elementor-top-column elementor-element elementor-element-0a0b25c\" data-id=\"0a0b25c\" data-element_type=\"column\">\n\t\t\t<div class=\"elementor-column-wrap--0a0b25c elementor-widget-wrap elementor-element-populated\">\n\t\t\t\t\t\t<div class=\"elementor-element elementor-element-bd6bea3 elementor-widget elementor-widget-heading\" data-id=\"bd6bea3\" data-element_type=\"widget\" data-settings=\"{&quot;ekit_we_effect_on&quot;:&quot;none&quot;}\" data-widget_type=\"heading.default\">\n\t\t\t\t<div class=\"elementor-widget-container\">\n\t\t\t\t\t<h2 class=\"elementor-heading-title elementor-size-default\">Projects<\/h2>\t\t\t\t<\/div>\n\t\t\t\t<\/div>\n\t\t\t\t<section class=\"elementor-section elementor-inner-section elementor-element elementor-element-d4ba41a rey-flexWrap elementor-section-boxed elementor-section-height-default elementor-section-height-default\" data-id=\"d4ba41a\" data-element_type=\"section\" data-settings=\"{&quot;jet_parallax_layout_list&quot;:[],&quot;ekit_has_onepagescroll_dot&quot;:&quot;yes&quot;}\">\n\t\t\t\t\t\t<div class=\"elementor-container elementor-column-gap-extended\">\n\t\t\t\t\t<div class=\"elementor-column elementor-col-33 elementor-inner-column elementor-element elementor-element-503eb46\" data-id=\"503eb46\" data-element_type=\"column\">\n\t\t\t<div class=\"elementor-column-wrap--503eb46 elementor-widget-wrap elementor-element-populated\">\n\t\t\t\t\t\t<div class=\"elementor-element elementor-element-f54172d elementor-widget elementor-widget-jet-banner\" data-id=\"f54172d\" data-element_type=\"widget\" data-settings=\"{&quot;ekit_we_effect_on&quot;:&quot;none&quot;}\" data-widget_type=\"jet-banner.default\">\n\t\t\t\t<div class=\"elementor-widget-container\">\n\t\t\t\t\t<div class=\"elementor-jet-banner jet-elements\"><figure class=\"jet-banner jet-effect-lily\"><a href=\"https:\/\/microsol-int.com\/en\/utsil-naj\/utsil-naj-mexico\/\" class=\"jet-banner__link\"><div class=\"jet-banner__overlay\"><\/div><img decoding=\"async\" src=\"https:\/\/microsol-int.com\/wp-content\/uploads\/2023\/08\/Foto-resumen-de-proyectos-UN_MX.jpg\" alt=\"Photo summary of projects UN_MX\" width=\"100%\" height=\"100%\" class=\"jet-banner__img\"><figcaption class=\"jet-banner__content\"><div class=\"jet-banner__content-wrap\"><h5 class=\"jet-banner__title\">Utsil Naj - Mexico<\/h5><div class=\"jet-banner__text\">Communities in Mexico implement clean cooking technology to reduce pollution and prevent deforestation.<\/div><\/div><\/figcaption><\/a><\/figure>\n<\/div>\t\t\t\t<\/div>\n\t\t\t\t<\/div>\n\t\t\t\t<div class=\"elementor-element elementor-element-4b9a5bc elementor-view-stacked --ib-yes elementor-widget__width-auto elementor-absolute --zindexed-2 elementor-shape-circle elementor-widget elementor-widget-icon\" data-id=\"4b9a5bc\" data-element_type=\"widget\" data-settings=\"{&quot;_position&quot;:&quot;absolute&quot;,&quot;ekit_we_effect_on&quot;:&quot;none&quot;}\" data-widget_type=\"icon.default\">\n\t\t\t\t<div class=\"elementor-widget-container\">\n\t\t\t\t\t\t\t<div class=\"elementor-icon-wrapper\">\n\t\t\t<a class=\"elementor-icon\" href=\"https:\/\/microsol-int.com\/en\/utsil-naj\/utsil-naj-mexico\/\">\n\t\t\t<i aria-hidden=\"true\" class=\"fas fa-chevron-right\"><\/i>\t\t\t<\/a>\n\t\t<\/div>\n\t\t\t\t\t\t<\/div>\n\t\t\t\t<\/div>\n\t\t\t\t\t<\/div>\n\t\t<\/div>\n\t\t\t\t<div class=\"elementor-column elementor-col-33 elementor-inner-column elementor-element elementor-element-1e63862\" data-id=\"1e63862\" data-element_type=\"column\">\n\t\t\t<div class=\"elementor-column-wrap--1e63862 elementor-widget-wrap elementor-element-populated\">\n\t\t\t\t\t\t<div class=\"elementor-element elementor-element-7bb916f elementor-widget elementor-widget-jet-banner\" data-id=\"7bb916f\" data-element_type=\"widget\" data-settings=\"{&quot;ekit_we_effect_on&quot;:&quot;none&quot;}\" data-widget_type=\"jet-banner.default\">\n\t\t\t\t<div class=\"elementor-widget-container\">\n\t\t\t\t\t<div class=\"elementor-jet-banner jet-elements\"><figure class=\"jet-banner jet-effect-lily\"><a href=\"https:\/\/microsol-int.com\/en\/utsil-naj\/utsil-naj-honduras\/\" class=\"jet-banner__link\"><div class=\"jet-banner__overlay\"><\/div><img decoding=\"async\" src=\"https:\/\/microsol-int.com\/wp-content\/uploads\/2023\/08\/Foto-resumen-de-proyectos-UN_HN.jpg\" alt=\"Project summary photo UN_HN\" width=\"100%\" height=\"100%\" class=\"jet-banner__img\"><figcaption class=\"jet-banner__content\"><div class=\"jet-banner__content-wrap\"><h5 class=\"jet-banner__title\">Utsil Naj - Honduras<\/h5><div class=\"jet-banner__text\">Clean cooking technology is helping families in Honduras improve their health and fight climate change.<\/div><\/div><\/figcaption><\/a><\/figure>\n<\/div>\t\t\t\t<\/div>\n\t\t\t\t<\/div>\n\t\t\t\t<div class=\"elementor-element elementor-element-4b33a3e elementor-view-stacked --ib-yes elementor-widget__width-auto elementor-absolute --zindexed-2 elementor-shape-circle elementor-widget elementor-widget-icon\" data-id=\"4b33a3e\" data-element_type=\"widget\" data-settings=\"{&quot;_position&quot;:&quot;absolute&quot;,&quot;ekit_we_effect_on&quot;:&quot;none&quot;}\" data-widget_type=\"icon.default\">\n\t\t\t\t<div class=\"elementor-widget-container\">\n\t\t\t\t\t\t\t<div class=\"elementor-icon-wrapper\">\n\t\t\t<a class=\"elementor-icon\" href=\"https:\/\/microsol-int.com\/en\/utsil-naj\/utsil-naj-honduras\/\">\n\t\t\t<i aria-hidden=\"true\" class=\"fas fa-chevron-right\"><\/i>\t\t\t<\/a>\n\t\t<\/div>\n\t\t\t\t\t\t<\/div>\n\t\t\t\t<\/div>\n\t\t\t\t\t<\/div>\n\t\t<\/div>\n\t\t\t\t<div class=\"elementor-column elementor-col-33 elementor-inner-column elementor-element elementor-element-c402365\" data-id=\"c402365\" data-element_type=\"column\">\n\t\t\t<div class=\"elementor-column-wrap--c402365 elementor-widget-wrap elementor-element-populated\">\n\t\t\t\t\t\t<div class=\"elementor-element elementor-element-9cae09e elementor-widget elementor-widget-jet-banner\" data-id=\"9cae09e\" data-element_type=\"widget\" data-settings=\"{&quot;ekit_we_effect_on&quot;:&quot;none&quot;}\" data-widget_type=\"jet-banner.default\">\n\t\t\t\t<div class=\"elementor-widget-container\">\n\t\t\t\t\t<div class=\"elementor-jet-banner jet-elements\"><figure class=\"jet-banner jet-effect-lily\"><a href=\"https:\/\/microsol-int.com\/en\/utsil-naj\/utsil-naj-guatemala\/\" class=\"jet-banner__link\"><div class=\"jet-banner__overlay\"><\/div><img decoding=\"async\" src=\"https:\/\/microsol-int.com\/wp-content\/uploads\/2023\/08\/Foto-resumen-de-proyectos-UN_GT.jpg\" alt=\"Photo summary of UN_GT projects\" width=\"100%\" height=\"100%\" class=\"jet-banner__img\"><figcaption class=\"jet-banner__content\"><div class=\"jet-banner__content-wrap\"><h5 class=\"jet-banner__title\">Utsil Naj - Guatemala<\/h5><div class=\"jet-banner__text\">Clean cooking technology is helping families in Guatemala to enjoy their traditional food in a more sustainable way.<\/div><\/div><\/figcaption><\/a><\/figure>\n<\/div>\t\t\t\t<\/div>\n\t\t\t\t<\/div>\n\t\t\t\t<div class=\"elementor-element elementor-element-859ee1f elementor-view-stacked --ib-yes elementor-widget__width-auto elementor-absolute --zindexed-2 elementor-shape-circle elementor-widget elementor-widget-icon\" data-id=\"859ee1f\" data-element_type=\"widget\" data-settings=\"{&quot;_position&quot;:&quot;absolute&quot;,&quot;ekit_we_effect_on&quot;:&quot;none&quot;}\" data-widget_type=\"icon.default\">\n\t\t\t\t<div class=\"elementor-widget-container\">\n\t\t\t\t\t\t\t<div class=\"elementor-icon-wrapper\">\n\t\t\t<a class=\"elementor-icon\" href=\"https:\/\/microsol-int.com\/en\/utsil-naj\/utsil-naj-guatemala\/\">\n\t\t\t<i aria-hidden=\"true\" class=\"fas fa-chevron-right\"><\/i>\t\t\t<\/a>\n\t\t<\/div>\n\t\t\t\t\t\t<\/div>\n\t\t\t\t<\/div>\n\t\t\t\t\t<\/div>\n\t\t<\/div>\n\t\t\t\t\t<\/div>\n\t\t<\/section>\n\t\t\t\t\t<\/div>\n\t\t<\/div>\n\t\t\t\t\t<\/div>\n\t\t<\/section>\n\t\t\t\t<\/div>","protected":false},"excerpt":{"rendered":"<p>Utsil Naj The Utsil Naj Program, in Mexico, Guatemala and Honduras, uses clean cooking technology to help families enjoy their traditional food in a healthy and sustainable way. Utsil Naj Projects \u2013 Mexico Communities in Mexico implement clean cooking technology to reduce pollution and prevent deforestation. Utsil Naj \u2013 [\u2026]<\/p>","protected":false},"author":1,"featured_media":0,"parent":0,"menu_order":0,"comment_status":"closed","ping_status":"closed","template":"","meta":{"_acf_changed":false,"footnotes":""},"class_list":["post-1052","page","type-page","status-publish","hentry"],"acf":[],"yoast_head":"<!-- This site is optimized with the Yoast SEO Premium plugin v23.5 (Yoast SEO v26.4) - https:\/\/yoast.com\/wordpress\/plugins\/seo\/ -->\n<title>Utsil Naj | Microsol<\/title>\n<meta name=\"robots\" content=\"index, follow, max-snippet:-1, max-image-preview:large, max-video-preview:-1\" \/>\n<link rel=\"canonical\" href=\"https:\/\/microsol-int.com\/en\/utsil-naj\/\" \/>\n<meta property=\"og:locale\" content=\"en_US\" \/>\n<meta property=\"og:type\" content=\"article\" \/>\n<meta property=\"og:title\" content=\"Utsil Naj\" \/>\n<meta property=\"og:description\" content=\"Utsil Naj El Programa Utsil Naj, en M\u00e9xico, Guatemala y Honduras, utiliza tecnolog\u00eda de cocci\u00f3n limpia para ayudar a que las familias disfruten su comida tradicional de manera saludable y&nbsp; sostenible. Proyectos Utsil Naj &#8211; M\u00e9xico Comunidades en M\u00e9xico implementan tecnolog\u00eda de cocci\u00f3n limpia para reducir la contaminaci\u00f3n y prevenir la deforestaci\u00f3n. Utsil Naj &#8211; [&hellip;]\" \/>\n<meta property=\"og:url\" content=\"https:\/\/microsol-int.com\/en\/utsil-naj\/\" \/>\n<meta property=\"og:site_name\" content=\"Microsol\" \/>\n<meta property=\"article:publisher\" content=\"https:\/\/www.facebook.com\/MICROSOLint\" \/>\n<meta property=\"article:modified_time\" content=\"2023-11-22T21:49:19+00:00\" \/>\n<meta property=\"og:image\" content=\"https:\/\/microsol-int.com\/wp-content\/uploads\/2023\/08\/Foto-resumen-de-proyectos-UN_MX.jpg\" \/>\n<meta name=\"twitter:card\" content=\"summary_large_image\" \/>\n<meta name=\"twitter:site\" content=\"@MicrosolPeru\" \/>\n<meta name=\"twitter:label1\" content=\"Est. reading time\" \/>\n\t<meta name=\"twitter:data1\" content=\"2 minutes\" \/>\n<script type=\"application\/ld+json\" class=\"yoast-schema-graph\">{\"@context\":\"https:\/\/schema.org\",\"@graph\":[{\"@type\":\"WebPage\",\"@id\":\"https:\/\/microsol-int.com\/utsil-naj\/\",\"url\":\"https:\/\/microsol-int.com\/utsil-naj\/\",\"name\":\"Utsil Naj | Microsol\",\"isPartOf\":{\"@id\":\"https:\/\/microsol-int.com\/#website\"},\"primaryImageOfPage\":{\"@id\":\"https:\/\/microsol-int.com\/utsil-naj\/#primaryimage\"},\"image\":{\"@id\":\"https:\/\/microsol-int.com\/utsil-naj\/#primaryimage\"},\"thumbnailUrl\":\"https:\/\/microsol-int.com\/wp-content\/uploads\/2023\/08\/Foto-resumen-de-proyectos-UN_MX.jpg\",\"datePublished\":\"2023-01-11T00:01:27+00:00\",\"dateModified\":\"2023-11-22T21:49:19+00:00\",\"breadcrumb\":{\"@id\":\"https:\/\/microsol-int.com\/utsil-naj\/#breadcrumb\"},\"inLanguage\":\"en-US\",\"potentialAction\":[{\"@type\":\"ReadAction\",\"target\":[\"https:\/\/microsol-int.com\/utsil-naj\/\"]}]},{\"@type\":\"ImageObject\",\"inLanguage\":\"en-US\",\"@id\":\"https:\/\/microsol-int.com\/utsil-naj\/#primaryimage\",\"url\":\"https:\/\/microsol-int.com\/wp-content\/uploads\/2023\/08\/Foto-resumen-de-proyectos-UN_MX.jpg\",\"contentUrl\":\"https:\/\/microsol-int.com\/wp-content\/uploads\/2023\/08\/Foto-resumen-de-proyectos-UN_MX.jpg\"},{\"@type\":\"BreadcrumbList\",\"@id\":\"https:\/\/microsol-int.com\/utsil-naj\/#breadcrumb\",\"itemListElement\":[{\"@type\":\"ListItem\",\"position\":1,\"name\":\"Portada\",\"item\":\"https:\/\/microsol-int.com\/\"},{\"@type\":\"ListItem\",\"position\":2,\"name\":\"Utsil Naj\"}]},{\"@type\":\"WebSite\",\"@id\":\"https:\/\/microsol-int.com\/#website\",\"url\":\"https:\/\/microsol-int.com\/\",\"name\":\"Microsol\",\"description\":\"Una fuente de energ\u00eda sostenible para familias que lo necesitan\",\"publisher\":{\"@id\":\"https:\/\/microsol-int.com\/#organization\"},\"potentialAction\":[{\"@type\":\"SearchAction\",\"target\":{\"@type\":\"EntryPoint\",\"urlTemplate\":\"https:\/\/microsol-int.com\/?s={search_term_string}\"},\"query-input\":{\"@type\":\"PropertyValueSpecification\",\"valueRequired\":true,\"valueName\":\"search_term_string\"}}],\"inLanguage\":\"en-US\"},{\"@type\":\"Organization\",\"@id\":\"https:\/\/microsol-int.com\/#organization\",\"name\":\"Microsol\",\"url\":\"https:\/\/microsol-int.com\/\",\"logo\":{\"@type\":\"ImageObject\",\"inLanguage\":\"en-US\",\"@id\":\"https:\/\/microsol-int.com\/#\/schema\/logo\/image\/\",\"url\":\"https:\/\/microsol-int.com\/wp-content\/uploads\/2022\/12\/logo.svg\",\"contentUrl\":\"https:\/\/microsol-int.com\/wp-content\/uploads\/2022\/12\/logo.svg\",\"width\":186,\"height\":85,\"caption\":\"Microsol\"},\"image\":{\"@id\":\"https:\/\/microsol-int.com\/#\/schema\/logo\/image\/\"},\"sameAs\":[\"https:\/\/www.facebook.com\/MICROSOLint\",\"https:\/\/x.com\/MicrosolPeru\",\"https:\/\/www.linkedin.com\/company\/microsol\",\"https:\/\/www.youtube.com\/user\/MICROSOLint\/\"]}]}<\/script>\n<!-- \/ Yoast SEO Premium plugin. -->","yoast_head_json":{"title":"Utsil Naj | microsol","robots":{"index":"index","follow":"follow","max-snippet":"max-snippet:-1","max-image-preview":"max-image-preview:large","max-video-preview":"max-video-preview:-1"},"canonical":"https:\/\/microsol-int.com\/en\/utsil-naj\/","og_locale":"en_US","og_type":"article","og_title":"Utsil Naj","og_description":"Utsil Naj El Programa Utsil Naj, en M\u00e9xico, Guatemala y Honduras, utiliza tecnolog\u00eda de cocci\u00f3n limpia para ayudar a que las familias disfruten su comida tradicional de manera saludable y&nbsp; sostenible. Proyectos Utsil Naj &#8211; M\u00e9xico Comunidades en M\u00e9xico implementan tecnolog\u00eda de cocci\u00f3n limpia para reducir la contaminaci\u00f3n y prevenir la deforestaci\u00f3n. Utsil Naj &#8211; [&hellip;]","og_url":"https:\/\/microsol-int.com\/en\/utsil-naj\/","og_site_name":"Microsol","article_publisher":"https:\/\/www.facebook.com\/MICROSOLint","article_modified_time":"2023-11-22T21:49:19+00:00","og_image":[{"url":"https:\/\/microsol-int.com\/wp-content\/uploads\/2023\/08\/Foto-resumen-de-proyectos-UN_MX.jpg","type":"","width":"","height":""}],"twitter_card":"summary_large_image","twitter_site":"@MicrosolPeru","twitter_misc":{"Est. reading time":"2 minutes"},"schema":{"@context":"https:\/\/schema.org","@graph":[{"@type":"WebPage","@id":"https:\/\/microsol-int.com\/utsil-naj\/","url":"https:\/\/microsol-int.com\/utsil-naj\/","name":"Utsil Naj | microsol","isPartOf":{"@id":"https:\/\/microsol-int.com\/#website"},"primaryImageOfPage":{"@id":"https:\/\/microsol-int.com\/utsil-naj\/#primaryimage"},"image":{"@id":"https:\/\/microsol-int.com\/utsil-naj\/#primaryimage"},"thumbnailUrl":"https:\/\/microsol-int.com\/wp-content\/uploads\/2023\/08\/Foto-resumen-de-proyectos-UN_MX.jpg","datePublished":"2023-01-11T00:01:27+00:00","dateModified":"2023-11-22T21:49:19+00:00","breadcrumb":{"@id":"https:\/\/microsol-int.com\/utsil-naj\/#breadcrumb"},"inLanguage":"en-US","potentialAction":[{"@type":"ReadAction","target":["https:\/\/microsol-int.com\/utsil-naj\/"]}]},{"@type":"ImageObject","inLanguage":"en-US","@id":"https:\/\/microsol-int.com\/utsil-naj\/#primaryimage","url":"https:\/\/microsol-int.com\/wp-content\/uploads\/2023\/08\/Foto-resumen-de-proyectos-UN_MX.jpg","contentUrl":"https:\/\/microsol-int.com\/wp-content\/uploads\/2023\/08\/Foto-resumen-de-proyectos-UN_MX.jpg"},{"@type":"BreadcrumbList","@id":"https:\/\/microsol-int.com\/utsil-naj\/#breadcrumb","itemListElement":[{"@type":"ListItem","position":1,"name":"Portada","item":"https:\/\/microsol-int.com\/"},{"@type":"ListItem","position":2,"name":"Utsil Naj"}]},{"@type":"WebSite","@id":"https:\/\/microsol-int.com\/#website","url":"https:\/\/microsol-int.com\/","name":"Microsol","description":"A sustainable energy source for families in need","publisher":{"@id":"https:\/\/microsol-int.com\/#organization"},"potentialAction":[{"@type":"SearchAction","target":{"@type":"EntryPoint","urlTemplate":"https:\/\/microsol-int.com\/?s={search_term_string}"},"query-input":{"@type":"PropertyValueSpecification","valueRequired":true,"valueName":"search_term_string"}}],"inLanguage":"en-US"},{"@type":"Organization","@id":"https:\/\/microsol-int.com\/#organization","name":"Microsol","url":"https:\/\/microsol-int.com\/","logo":{"@type":"ImageObject","inLanguage":"en-US","@id":"https:\/\/microsol-int.com\/#\/schema\/logo\/image\/","url":"https:\/\/microsol-int.com\/wp-content\/uploads\/2022\/12\/logo.svg","contentUrl":"https:\/\/microsol-int.com\/wp-content\/uploads\/2022\/12\/logo.svg","width":186,"height":85,"caption":"Microsol"},"image":{"@id":"https:\/\/microsol-int.com\/#\/schema\/logo\/image\/"},"sameAs":["https:\/\/www.facebook.com\/MICROSOLint","https:\/\/x.com\/MicrosolPeru","https:\/\/www.linkedin.com\/company\/microsol","https:\/\/www.youtube.com\/user\/MICROSOLint\/"]}]}},"_links":{"self":[{"href":"https:\/\/microsol-int.com\/en\/wp-json\/wp\/v2\/pages\/1052","targetHints":{"allow":["GET"]}}],"collection":[{"href":"https:\/\/microsol-int.com\/en\/wp-json\/wp\/v2\/pages"}],"about":[{"href":"https:\/\/microsol-int.com\/en\/wp-json\/wp\/v2\/types\/page"}],"author":[{"embeddable":true,"href":"https:\/\/microsol-int.com\/en\/wp-json\/wp\/v2\/users\/1"}],"replies":[{"embeddable":true,"href":"https:\/\/microsol-int.com\/en\/wp-json\/wp\/v2\/comments?post=1052"}],"version-history":[{"count":0,"href":"https:\/\/microsol-int.com\/en\/wp-json\/wp\/v2\/pages\/1052\/revisions"}],"wp:attachment":[{"href":"https:\/\/microsol-int.com\/en\/wp-json\/wp\/v2\/media?parent=1052"}],"curies":[{"name":"wp","href":"https:\/\/api.w.org\/{rel}","templated":true}]}}